{"id":1113,"date":"2024-09-11T12:51:28","date_gmt":"2024-09-11T10:51:28","guid":{"rendered":"https:\/\/lemenuisierdelacave.fr\/?page_id=1113"},"modified":"2026-03-09T11:16:03","modified_gmt":"2026-03-09T10:16:03","slug":"fiche-produit","status":"publish","type":"page","link":"https:\/\/lemenuisierdelacave.fr\/?page_id=1113","title":{"rendered":"Un peu d&rsquo;histoire derri\u00e8re les produits&#8230;"},"content":{"rendered":"\n<p class=\"has-foreground-color has-text-color has-link-color wp-elements-5d1e523dcb686a91a1d9bc55625e9538\"><em><strong><a href=\"https:\/\/lemenuisierdelacave.fr\/?p=369\" title=\"Planche ap\u00e9ritive Climats de Bourgogne :\">Planche ap\u00e9ritive, [Collection Origine] Climats de Bourgogne :<\/a> <\/strong><\/em><\/p>\n\n\n\n<div class=\"wp-block-media-text is-stacked-on-mobile is-image-fill-element\" style=\"grid-template-columns:32% auto\"><figure class=\"wp-block-media-text__media\"><img fetchpriority=\"high\" decoding=\"async\" width=\"768\" height=\"1024\" src=\"https:\/\/lemenuisierdelacave.fr\/wp-content\/uploads\/2024\/09\/IMG_9671-768x1024.jpg\" alt=\"\" class=\"wp-image-1152 size-full\" style=\"object-position:15% 54%\" srcset=\"https:\/\/lemenuisierdelacave.fr\/wp-content\/uploads\/2024\/09\/IMG_9671-768x1024.jpg 768w, https:\/\/lemenuisierdelacave.fr\/wp-content\/uploads\/2024\/09\/IMG_9671-225x300.jpg 225w, https:\/\/lemenuisierdelacave.fr\/wp-content\/uploads\/2024\/09\/IMG_9671-1152x1536.jpg 1152w, https:\/\/lemenuisierdelacave.fr\/wp-content\/uploads\/2024\/09\/IMG_9671-1170x1560.jpg 1170w, https:\/\/lemenuisierdelacave.fr\/wp-content\/uploads\/2024\/09\/IMG_9671-rotated.jpg 1512w\" sizes=\"(max-width: 768px) 100vw, 768px\" \/><\/figure><div class=\"wp-block-media-text__content\">\n<p class=\"has-text-align-left\">Chaque planche ap\u00e9ritive que je cr\u00e9e, en h\u00eatre, est bien plus qu&rsquo;un simple support. Ce bois, id\u00e9al pour un usage alimentaire, est s\u00e9lectionn\u00e9 pour sa robustesse et sa capacit\u00e9 \u00e0 sublimer les gravures que je r\u00e9alise. Les dimensions sont standardis\u00e9es, mais chaque pi\u00e8ce reste unique gr\u00e2ce aux gravures des climats de Bourgogne. Ces terroirs embl\u00e9matiques de la r\u00e9gion apportent une touche singuli\u00e8re \u00e0 chacune de mes cr\u00e9ations. Amateurs de vin ou amoureux de la Bourgogne, vous trouverez avec ce produit bien plus qu&rsquo;un simple objet. Je ma\u00eetrise chaque \u00e9tape, du choix du bois \u00e0 la gravure, en passant par l&rsquo;usinage. Mon objectif est simple : allier savoir-faire artisanal et hommage \u00e0 l&rsquo;art de vivre bourguignon.<\/p>\n<\/div><\/div>\n\n\n\n<p>Quelques conseils d&rsquo;entretien pour pr\u00e9server la durabilit\u00e9 de votre planche :<\/p>\n\n\n\n<p>&#8211; <strong>Nettoyage exclusivement \u00e0 la main<\/strong>, pas de lave-vaisselle. Il est conseill\u00e9 de s\u00e9cher la planche apr\u00e8s l&rsquo;avoir lav\u00e9e.<\/p>\n\n\n\n<p>&#8211; <strong>Huiler la planche apr\u00e8s quelques utilisations<\/strong> avec un linge propre, de l&rsquo;huile alimentaire type tournesol ou olive est suffisant ; enlever l&rsquo;exc\u00e9dent pour un bon confort d&rsquo;usage.<\/p>\n\n\n\n<p>&#8211;<strong> Eviter au maximum toute variation brutale de temp\u00e9rature<\/strong>, l&rsquo;hydrom\u00e9trie de la planche viendrait \u00e0 \u00eatre choqu\u00e9e et risque de fendre.<\/p>\n\n\n\n<p class=\"has-foreground-color has-text-color has-link-color wp-elements-5e166678c3895c1bf8d132f3745b13bd\"><em><strong>Planche vendue 38\u20ac<\/strong> (exp\u00e9dition possible) &#8211; dimensions 28x25cm<\/em> &#8211; <a href=\"https:\/\/le-menuisier-de-la-cave.sumupstore.com\/product\/planche-aperitive-climats-cote-de-nuits-and-beaune\" target=\"_blank\" rel=\"noopener\" title=\"Disponible ici\">Disponible ici<\/a><\/p>\n\n\n\n<p><\/p>\n\n\n\n<p class=\"has-foreground-color has-text-color has-link-color wp-elements-73267e904c5d9e2396836f01aa4a087f\"><strong><a href=\"https:\/\/lemenuisierdelacave.fr\/?p=1609\" title=\"Planche ap\u00e9ritive [Collection Apog\u00e9e - Grands Crus] :\"><em>Planche<\/em> ap\u00e9ritive [Collection Apog\u00e9e &#8211; Grands Crus] :<\/a><\/strong><\/p>\n\n\n\n<div class=\"wp-block-media-text is-stacked-on-mobile\" style=\"grid-template-columns:45% auto\"><figure class=\"wp-block-media-text__media\"><img decoding=\"async\" width=\"768\" height=\"1024\" src=\"https:\/\/lemenuisierdelacave.fr\/wp-content\/uploads\/2026\/03\/telechargement-8-1-768x1024.jpg\" alt=\"\" class=\"wp-image-1621 size-full\" srcset=\"https:\/\/lemenuisierdelacave.fr\/wp-content\/uploads\/2026\/03\/telechargement-8-1-768x1024.jpg 768w, https:\/\/lemenuisierdelacave.fr\/wp-content\/uploads\/2026\/03\/telechargement-8-1-225x300.jpg 225w, https:\/\/lemenuisierdelacave.fr\/wp-content\/uploads\/2026\/03\/telechargement-8-1-1152x1536.jpg 1152w, https:\/\/lemenuisierdelacave.fr\/wp-content\/uploads\/2026\/03\/telechargement-8-1-1170x1560.jpg 1170w, https:\/\/lemenuisierdelacave.fr\/wp-content\/uploads\/2026\/03\/telechargement-8-1-rotated.jpg 1512w\" sizes=\"(max-width: 768px) 100vw, 768px\" \/><\/figure><div class=\"wp-block-media-text__content\">\n<p>Planche enti\u00e8rement fabriqu\u00e9e \u00e0 partir de f\u00fbts en ch\u00eane, laissant volontairement visible les traces du pass\u00e9 et donc du pinot noir ! Chaque planche met \u00e0 l&rsquo;honneur les Grands Crus embl\u00e9matiques de la C\u00f4te de Nuits &amp; de Beaune. 6 nouveaux visuels disponibles chaque trimestre.<\/p>\n\n\n\n<p class=\"has-foreground-color has-text-color has-link-color wp-elements-fceeef4a14dcec745f6e37d9d8969f06\"><em><strong>Planche vendue 59\u20ac<\/strong> (exp\u00e9dition possible) &#8211; dimensions 38x27cm<\/em> &#8211; <a href=\"https:\/\/le-menuisier-de-la-cave.sumupstore.com\/article\/planche-apogee-chene-tonneau\" title=\"Disponible ici\">Disponible ici<\/a><\/p>\n\n\n\n<p><\/p>\n\n\n\n<p><\/p>\n<\/div><\/div>\n\n\n\n<p class=\"has-foreground-color has-text-color has-link-color wp-elements-12ec81ee740c6de5359c115d474786dc\"><strong><em>Planche<\/em> ap\u00e9ritive [Collection H\u00e9ritage] : <\/strong><\/p>\n\n\n\n<div class=\"wp-block-media-text is-stacked-on-mobile\"><figure class=\"wp-block-media-text__media\"><img decoding=\"async\" width=\"1024\" height=\"768\" src=\"https:\/\/lemenuisierdelacave.fr\/wp-content\/uploads\/2025\/12\/IMG_8918-1-1024x768.jpeg\" alt=\"\" class=\"wp-image-1581 size-full\" srcset=\"https:\/\/lemenuisierdelacave.fr\/wp-content\/uploads\/2025\/12\/IMG_8918-1-1024x768.jpeg 1024w, https:\/\/lemenuisierdelacave.fr\/wp-content\/uploads\/2025\/12\/IMG_8918-1-300x225.jpeg 300w, https:\/\/lemenuisierdelacave.fr\/wp-content\/uploads\/2025\/12\/IMG_8918-1-768x576.jpeg 768w, https:\/\/lemenuisierdelacave.fr\/wp-content\/uploads\/2025\/12\/IMG_8918-1-1536x1152.jpeg 1536w, https:\/\/lemenuisierdelacave.fr\/wp-content\/uploads\/2025\/12\/IMG_8918-1-1170x878.jpeg 1170w, https:\/\/lemenuisierdelacave.fr\/wp-content\/uploads\/2025\/12\/IMG_8918-1.jpeg 2048w\" sizes=\"(max-width: 1024px) 100vw, 1024px\" \/><\/figure><div class=\"wp-block-media-text__content\">\n<p>Planche grand format pour grand amoureux d&rsquo;ap\u00e9ritif ! Ces planches XXL sont r\u00e9alis\u00e9es \u00e0 partir de fond de tonneaux neuf en ch\u00eane. Grav\u00e9 avec de nombreux visuels au choix, ces planches sont huil\u00e9es et parfaitement adapt\u00e9es \u00e0 un usage alimentaire. Les 2 poign\u00e9es m\u00e9talliques assurent une prise en main optimale.<\/p>\n<\/div><\/div>\n\n\n\n<p class=\"has-foreground-color has-text-color has-link-color wp-elements-43e838e3d7bc482589cce86155d4466f\"><em><strong>Planche vendue 65\u20ac<\/strong> (exp\u00e9dition possible) &#8211; dimensions 60x30cm<\/em> &#8211; <a href=\"https:\/\/le-menuisier-de-la-cave.sumupstore.com\/product\/planche-xxl-cartographie-village\" target=\"_blank\" rel=\"noopener\" title=\"Disponible ici\">Disponible <\/a><a href=\"https:\/\/le-menuisier-de-la-cave.sumupstore.com\/product\/planche-aperitive-climats-cote-de-nuits-and-beaune\" target=\"_blank\" rel=\"noopener\" title=\"Disponible ici\">ici<\/a><\/p>\n\n\n\n<p class=\"has-foreground-color has-text-color has-link-color wp-elements-1229eddd092520a99fdb8270bca5d664\"><strong><em><a href=\"https:\/\/lemenuisierdelacave.fr\/?p=745\" title=\"\">Tableaux :<\/a> <\/em><\/strong><\/p>\n\n\n\n<div class=\"wp-block-media-text is-stacked-on-mobile is-image-fill-element\" style=\"grid-template-columns:32% auto\"><figure class=\"wp-block-media-text__media\"><img loading=\"lazy\" decoding=\"async\" width=\"768\" height=\"1024\" src=\"https:\/\/lemenuisierdelacave.fr\/wp-content\/uploads\/2024\/09\/IMG_6713-768x1024.jpg\" alt=\"\" class=\"wp-image-1153 size-full\" style=\"object-position:43% 48%\" srcset=\"https:\/\/lemenuisierdelacave.fr\/wp-content\/uploads\/2024\/09\/IMG_6713-768x1024.jpg 768w, https:\/\/lemenuisierdelacave.fr\/wp-content\/uploads\/2024\/09\/IMG_6713-225x300.jpg 225w, https:\/\/lemenuisierdelacave.fr\/wp-content\/uploads\/2024\/09\/IMG_6713-1152x1536.jpg 1152w, https:\/\/lemenuisierdelacave.fr\/wp-content\/uploads\/2024\/09\/IMG_6713-1170x1560.jpg 1170w, https:\/\/lemenuisierdelacave.fr\/wp-content\/uploads\/2024\/09\/IMG_6713-rotated.jpg 1512w\" sizes=\"(max-width: 768px) 100vw, 768px\" \/><\/figure><div class=\"wp-block-media-text__content\">\n<p>Ces tableaux d\u00e9coratifs sont une interpr\u00e9tation originale des climats de Bourgogne. Contrairement aux illustrations classiques qui repr\u00e9sentent une carte du vignoble, je cr\u00e9e des tableaux reprenant la forme et les proportions d&rsquo;une bouteille de Bourgogne. Chacune porte le nom d&rsquo;un village situ\u00e9 en c\u00f4te de Nuits ou de Beaune et le corps de la bouteille est grav\u00e9 avec les noms des climats du village concern\u00e9. L&rsquo;id\u00e9e originale \u00e9tait avant tout pens\u00e9e pour mettre en avant les 41 Premiers Crus de Nuits-Saint-Georges, d&rsquo;o\u00f9 les 41 lignes composant le tableau. Ce format unique permet de c\u00e9l\u00e9brer les vignobles d&rsquo;une mani\u00e8re nouvelle, en donnant \u00e0 chaque tableau une dimension \u00e0 la fois d\u00e9corative et symbolique. Enti\u00e8rement r\u00e9alis\u00e9 \u00e0 la main, du dessin \u00e0 la gravure, ces pi\u00e8ces offrent une mani\u00e8re diff\u00e9rente d&rsquo;appr\u00e9cier le terroir bourguignon.<\/p>\n\n\n\n<p><\/p>\n<\/div><\/div>\n\n\n\n<p><em>Tableau vendu 40\u20ac &#8211; dimensions 42x32cm<\/em> &#8211; <strong>Fabrication \u00e0 la demande seulement<\/strong><\/p>\n\n\n\n<p class=\"has-foreground-color has-text-color has-link-color wp-elements-f8f140540fbc0ba69ecd95922f51768e\"><a href=\"https:\/\/lemenuisierdelacave.fr\/?p=704\" title=\"\"><strong><em>Carte postale :<\/em><\/strong><\/a> <\/p>\n\n\n\n<div class=\"wp-block-media-text is-stacked-on-mobile is-image-fill-element\" style=\"grid-template-columns:32% auto\"><figure class=\"wp-block-media-text__media\"><img loading=\"lazy\" decoding=\"async\" width=\"768\" height=\"1024\" src=\"https:\/\/lemenuisierdelacave.fr\/wp-content\/uploads\/2024\/09\/IMG_6426-768x1024.jpg\" alt=\"\" class=\"wp-image-1156 size-full\" style=\"object-position:67% 41%\" srcset=\"https:\/\/lemenuisierdelacave.fr\/wp-content\/uploads\/2024\/09\/IMG_6426-768x1024.jpg 768w, https:\/\/lemenuisierdelacave.fr\/wp-content\/uploads\/2024\/09\/IMG_6426-225x300.jpg 225w, https:\/\/lemenuisierdelacave.fr\/wp-content\/uploads\/2024\/09\/IMG_6426-1152x1536.jpg 1152w, https:\/\/lemenuisierdelacave.fr\/wp-content\/uploads\/2024\/09\/IMG_6426-1170x1560.jpg 1170w, https:\/\/lemenuisierdelacave.fr\/wp-content\/uploads\/2024\/09\/IMG_6426-rotated.jpg 1512w\" sizes=\"(max-width: 768px) 100vw, 768px\" \/><\/figure><div class=\"wp-block-media-text__content\">\n<p>Les cartes postales sont toujours un souvenir intemporel d&rsquo;un voyage touristique. Plusieurs types de visuels existent, dont une collection reprenant quelques b\u00e2timents caract\u00e9ristiques de villages de C\u00f4te d&rsquo;Or. Ces visuels sont r\u00e9alis\u00e9s par une illustratrice cr\u00e9ative et talentueuse \u00e0 Dijon. Ces cartes sont non seulement abordables mais \u00e9galement parfaitement adapt\u00e9es \u00e0 celles et ceux qui veulent emporter un morceau de Bourgogne avec eux. Enfin pour le clin d&rsquo;oeil, chaque carte \u00e0 un poids de <strong>18 grammes<\/strong>, elles peuvent donc parfaitement \u00eatre exp\u00e9di\u00e9es sans contrainte particuli\u00e8re !<\/p>\n<\/div><\/div>\n\n\n\n<p class=\"has-foreground-color has-text-color has-link-color wp-elements-ba54ac1747898eb6e959603f527d8a8f\"><em>Carte postale vendue 3\u20ac (exp\u00e9dition possible) &#8211; dimensions 14.5&#215;9.5cm<\/em> &#8211; <a href=\"https:\/\/le-menuisier-de-la-cave.sumupstore.com\/product\/carte-postale-climats-de-bourgogne\" title=\"\">Disponible ici<\/a><\/p>\n\n\n\n<p class=\"has-foreground-color has-text-color has-link-color wp-elements-8ad2319162ddd90a1eec7d5b3104a796\"><strong><em><a href=\"https:\/\/lemenuisierdelacave.fr\/?p=1060\" title=\"\">Aimant :<\/a><\/em><\/strong> <\/p>\n\n\n\n<div class=\"wp-block-media-text is-stacked-on-mobile is-image-fill-element\" style=\"grid-template-columns:32% auto\"><figure class=\"wp-block-media-text__media\"><img loading=\"lazy\" decoding=\"async\" width=\"924\" height=\"1024\" src=\"https:\/\/lemenuisierdelacave.fr\/wp-content\/uploads\/2024\/09\/IMG_1083-2-924x1024.jpg\" alt=\"\" class=\"wp-image-1161 size-full\" style=\"object-position:15% 84%\" srcset=\"https:\/\/lemenuisierdelacave.fr\/wp-content\/uploads\/2024\/09\/IMG_1083-2-924x1024.jpg 924w, https:\/\/lemenuisierdelacave.fr\/wp-content\/uploads\/2024\/09\/IMG_1083-2-271x300.jpg 271w, https:\/\/lemenuisierdelacave.fr\/wp-content\/uploads\/2024\/09\/IMG_1083-2-768x851.jpg 768w, https:\/\/lemenuisierdelacave.fr\/wp-content\/uploads\/2024\/09\/IMG_1083-2-1170x1297.jpg 1170w, https:\/\/lemenuisierdelacave.fr\/wp-content\/uploads\/2024\/09\/IMG_1083-2.jpg 1282w\" sizes=\"(max-width: 924px) 100vw, 924px\" \/><\/figure><div class=\"wp-block-media-text__content\">\n<p>Les aimants sont toujours des souvenirs originaux de voyage. D\u00e9coup\u00e9s \u00e0 la forme des villages viticoles de la c\u00f4te de Nuits et de Beaune, je cr\u00e9e des pi\u00e8ces uniques en d\u00e9coupant dans diff\u00e9rentes essences de bois et avec des teintes vari\u00e9es chaque village. La grande majorit\u00e9 des aimants sont <strong>r\u00e9alis\u00e9s \u00e0 partir de c\u00f4t\u00e9 de caisse de vin<\/strong> ce qui ajoute un aspect recyclage et responsable \u00e0 mes cr\u00e9ations. Pratique et facile \u00e0 transporter, ces aimants s&rsquo;imbriquent parfaitement les uns dans les autres, permettant de former une belle collection ! Avec ce souvenir, j&rsquo;offre un aper\u00e7u de la Bourgogne viticole tout en mettant en avant un savoir faire artisanal qui combine plusieurs techniques.<\/p>\n<\/div><\/div>\n\n\n\n<p class=\"has-foreground-color has-text-color has-link-color wp-elements-4186ad342b1a0231531373ee2609a8c1\"><em>Aimant vendu 3\u20ac (exp\u00e9dition possible) &#8211; dimensions variables selon village<\/em> &#8211; <a href=\"https:\/\/le-menuisier-de-la-cave.sumupstore.com\/product\/magnet-village-viticole-bourgogne\" target=\"_blank\" rel=\"noopener\" title=\"Disponible ici\">Disponible ici<\/a><\/p>\n\n\n\n<p><strong><em><a href=\"https:\/\/lemenuisierdelacave.fr\/?p=389\" title=\"\">Plateau de d\u00e9gustation :<\/a><\/em><\/strong> <\/p>\n\n\n\n<div class=\"wp-block-media-text is-stacked-on-mobile is-image-fill-element\" style=\"grid-template-columns:32% auto\"><figure class=\"wp-block-media-text__media\"><img loading=\"lazy\" decoding=\"async\" width=\"768\" height=\"1024\" src=\"https:\/\/lemenuisierdelacave.fr\/wp-content\/uploads\/2024\/09\/IMG_0950-1-768x1024.jpg\" alt=\"\" class=\"wp-image-1163 size-full\" style=\"object-position:7% 67%\" srcset=\"https:\/\/lemenuisierdelacave.fr\/wp-content\/uploads\/2024\/09\/IMG_0950-1-768x1024.jpg 768w, https:\/\/lemenuisierdelacave.fr\/wp-content\/uploads\/2024\/09\/IMG_0950-1-225x300.jpg 225w, https:\/\/lemenuisierdelacave.fr\/wp-content\/uploads\/2024\/09\/IMG_0950-1-1152x1536.jpg 1152w, https:\/\/lemenuisierdelacave.fr\/wp-content\/uploads\/2024\/09\/IMG_0950-1-1170x1560.jpg 1170w, https:\/\/lemenuisierdelacave.fr\/wp-content\/uploads\/2024\/09\/IMG_0950-1-rotated.jpg 1512w\" sizes=\"(max-width: 768px) 100vw, 768px\" \/><\/figure><div class=\"wp-block-media-text__content\">\n<p>Les plateaux de d\u00e9gustation repr\u00e9sentent une exp\u00e9rience artisanale unique. Ils sont exclusivement fabriqu\u00e9s avec des visuels des domaines embl\u00e9matiques de Bourgogne. Chaque plateau est une cr\u00e9ation originale, alliant praticit\u00e9 et esth\u00e9tisme, id\u00e9al pour mettre en valeur les verres de Bourgogne mais pas que ! L&rsquo;approche durable est essentielle, utilisant des mat\u00e9riaux de second main pour donner une nouvelle vie aux caisses de vin ; chaque plateau raconte une histoire tout en contribuant \u00e0 une consommation responsable du bois.<\/p>\n<\/div><\/div>\n\n\n\n<p class=\"has-foreground-color has-text-color has-link-color wp-elements-3dce8ae49c57950f1b74a1d4d4ba43f9\"><em>Plateau vendu entre 35\u20ac et 70\u20ac selon la taille et mati\u00e8re retenu &#8211; <\/em><a href=\"https:\/\/le-menuisier-de-la-cave.sumupstore.com\/product\/plateau-degustation-cote-de-beaune\" title=\"Peu de stock\">Peu de stock<\/a>, fabrication \u00e0 la demande<\/p>\n\n\n\n<p><\/p>\n\n\n\n<p><strong><em><a href=\"https:\/\/lemenuisierdelacave.fr\/?p=508\" title=\"\">Panneau de direction :<\/a><\/em><\/strong> <\/p>\n\n\n\n<div class=\"wp-block-media-text is-stacked-on-mobile is-image-fill-element\" style=\"grid-template-columns:32% auto\"><figure class=\"wp-block-media-text__media\"><img loading=\"lazy\" decoding=\"async\" width=\"768\" height=\"1024\" src=\"https:\/\/lemenuisierdelacave.fr\/wp-content\/uploads\/2024\/09\/IMG_0967-1-768x1024.jpg\" alt=\"\" class=\"wp-image-1164 size-full\" style=\"object-position:52% 76%\" srcset=\"https:\/\/lemenuisierdelacave.fr\/wp-content\/uploads\/2024\/09\/IMG_0967-1-768x1024.jpg 768w, https:\/\/lemenuisierdelacave.fr\/wp-content\/uploads\/2024\/09\/IMG_0967-1-225x300.jpg 225w, https:\/\/lemenuisierdelacave.fr\/wp-content\/uploads\/2024\/09\/IMG_0967-1-1152x1536.jpg 1152w, https:\/\/lemenuisierdelacave.fr\/wp-content\/uploads\/2024\/09\/IMG_0967-1-1170x1560.jpg 1170w, https:\/\/lemenuisierdelacave.fr\/wp-content\/uploads\/2024\/09\/IMG_0967-1-rotated.jpg 1512w\" sizes=\"(max-width: 768px) 100vw, 768px\" \/><\/figure><div class=\"wp-block-media-text__content\">\n<p>Les panneaux de direction en bois sont une cr\u00e9ation artisanale qui r\u00e9interpr\u00e8te l&rsquo;identit\u00e9 viticole de la Bourgogne et qui s&rsquo;inspire des nombreux panneaux indiquant le nom des villages ou des climats caract\u00e9ristiques de la c\u00f4te de Nuits et de Beaune. Chaque panneau, grav\u00e9 avec le nom d&rsquo;un village combine charme et authenticit\u00e9 et surtout respect de la mati\u00e8re premi\u00e8re car l&rsquo;ensemble du bois utilis\u00e9 est issu d&rsquo;\u00e9l\u00e9ments recycl\u00e9s (caisse de vin pour les panneaux et fond de tonneau en ch\u00eane pour le socle). En transformant une id\u00e9e traditionnelle et une d\u00e9coration unique, ces panneaux de direction ajoutent une touche personnelle et artistique \u00e0 toute ambiance.<\/p>\n<\/div><\/div>\n\n\n\n<p><em>Panneau vendu 20\u20ac (enl\u00e8vement \u00e0 l&rsquo;atelier)  &#8211; dimensions 47x25cm<\/em><\/p>\n\n\n\n<p><strong><em><a href=\"https:\/\/lemenuisierdelacave.fr\/?p=803\" title=\"\">Table basse :<\/a><\/em><\/strong> <\/p>\n\n\n\n<div class=\"wp-block-media-text is-stacked-on-mobile is-image-fill-element\" style=\"grid-template-columns:32% auto\"><figure class=\"wp-block-media-text__media\"><img loading=\"lazy\" decoding=\"async\" width=\"768\" height=\"1024\" src=\"https:\/\/lemenuisierdelacave.fr\/wp-content\/uploads\/2024\/09\/IMG_7663-768x1024.jpg\" alt=\"\" class=\"wp-image-1165 size-full\" style=\"object-position:50% 50%\" srcset=\"https:\/\/lemenuisierdelacave.fr\/wp-content\/uploads\/2024\/09\/IMG_7663-768x1024.jpg 768w, https:\/\/lemenuisierdelacave.fr\/wp-content\/uploads\/2024\/09\/IMG_7663-225x300.jpg 225w, https:\/\/lemenuisierdelacave.fr\/wp-content\/uploads\/2024\/09\/IMG_7663-1152x1536.jpg 1152w, https:\/\/lemenuisierdelacave.fr\/wp-content\/uploads\/2024\/09\/IMG_7663-1170x1560.jpg 1170w, https:\/\/lemenuisierdelacave.fr\/wp-content\/uploads\/2024\/09\/IMG_7663-rotated.jpg 1512w\" sizes=\"(max-width: 768px) 100vw, 768px\" \/><\/figure><div class=\"wp-block-media-text__content\">\n<p>Cette table basse, r\u00e9alis\u00e9e \u00e0 partir d&rsquo;un <strong>fond de tonneau en ch\u00eane<\/strong>, est une cr\u00e9ation artisanale unique et symbolique. D&rsquo;un diam\u00e8tre de 60cm et d&rsquo;une hauteur de 45cm, chaque pi\u00e8ce est grav\u00e9e avec la cartographie d&rsquo;un village embl\u00e9matique comme Vosne-Roman\u00e9e, Gevrey-Chambertin ou Puligny-Montrachet. Produite en tr\u00e8s petite quantit\u00e9, cette table allie le charme du bois et la noblesse du fer avec ses pieds type \u00e9pingle. Ce m\u00e9lange de mat\u00e9riaux cr\u00e9e une esth\u00e9tique \u00e0 la fois rustique et \u00e9l\u00e9gante qui ira parfaitement avec les d\u00e9corations &amp; ambiances de chaque logement.<\/p>\n<\/div><\/div>\n\n\n\n<p><em>Table basse vendue 150\u20ac (livraison proche atelier possible) &#8211; hauteur 45cm ; diam\u00e8tre 60cm<\/em> &#8211; Fabrication \u00e0 la demande<\/p>\n\n\n\n<div class=\"wp-block-media-text is-stacked-on-mobile\" style=\"grid-template-columns:34% auto\"><figure class=\"wp-block-media-text__media\"><img loading=\"lazy\" decoding=\"async\" width=\"768\" height=\"1024\" src=\"https:\/\/lemenuisierdelacave.fr\/wp-content\/uploads\/2024\/10\/IMG_1586-1-768x1024.jpg\" alt=\"\" class=\"wp-image-1193 size-full\" srcset=\"https:\/\/lemenuisierdelacave.fr\/wp-content\/uploads\/2024\/10\/IMG_1586-1-768x1024.jpg 768w, https:\/\/lemenuisierdelacave.fr\/wp-content\/uploads\/2024\/10\/IMG_1586-1-225x300.jpg 225w, https:\/\/lemenuisierdelacave.fr\/wp-content\/uploads\/2024\/10\/IMG_1586-1-1152x1536.jpg 1152w, https:\/\/lemenuisierdelacave.fr\/wp-content\/uploads\/2024\/10\/IMG_1586-1-1170x1560.jpg 1170w, https:\/\/lemenuisierdelacave.fr\/wp-content\/uploads\/2024\/10\/IMG_1586-1-rotated.jpg 1512w\" sizes=\"(max-width: 768px) 100vw, 768px\" \/><\/figure><div class=\"wp-block-media-text__content\">\n<p>Etant donn\u00e9 que mes produits s&rsquo;adressent autant \u00e0 des locaux qu&rsquo;\u00e0 des amoureux de vin capables de traverser le monde pour \u00eatre aux sources du vin de Bourgogne, je voulais cr\u00e9er un visuel compr\u00e9hensible par chacun et chacune. Quoi de mieux qu&rsquo;un nom de Climat et les coordonn\u00e9es GPS qui vont avec ?<\/p>\n\n\n\n<p>Les appellations \u00e9tant complexes, un ciblage des Grands Crus a donc \u00e9t\u00e9 choisi dans un premier temps avec des noms aussi embl\u00e9matiques que \u00ab\u00a0Roman\u00e9e-Conti\u00a0\u00bb, \u00ab\u00a0Charmes-Chambertin\u00a0\u00bb ou \u00ab\u00a0Clos Vougeot\u00a0\u00bb. <\/p>\n\n\n\n<p><em>Porte-cl\u00e9 vendu 3\u20ac (livraison possible)  &#8211; dimensions 6&#215;4.5cm<\/em><\/p>\n<\/div><\/div>\n\n\n\n<div class=\"wp-block-media-text is-stacked-on-mobile\" style=\"grid-template-columns:34% auto\"><figure class=\"wp-block-media-text__media\"><img loading=\"lazy\" decoding=\"async\" width=\"768\" height=\"1024\" src=\"https:\/\/lemenuisierdelacave.fr\/wp-content\/uploads\/2024\/10\/IMG_1580-768x1024.jpg\" alt=\"\" class=\"wp-image-1188 size-full\" srcset=\"https:\/\/lemenuisierdelacave.fr\/wp-content\/uploads\/2024\/10\/IMG_1580-768x1024.jpg 768w, https:\/\/lemenuisierdelacave.fr\/wp-content\/uploads\/2024\/10\/IMG_1580-225x300.jpg 225w, https:\/\/lemenuisierdelacave.fr\/wp-content\/uploads\/2024\/10\/IMG_1580-1152x1536.jpg 1152w, https:\/\/lemenuisierdelacave.fr\/wp-content\/uploads\/2024\/10\/IMG_1580-1170x1560.jpg 1170w, https:\/\/lemenuisierdelacave.fr\/wp-content\/uploads\/2024\/10\/IMG_1580-rotated.jpg 1512w\" sizes=\"(max-width: 768px) 100vw, 768px\" \/><\/figure><div class=\"wp-block-media-text__content\">\n<p>Les tonneaux ou f\u00fbts font \u00e9videmment partie int\u00e9grante du paysage Bourguignon. D&rsquo;une dur\u00e9e du vie limit\u00e9e, il n&rsquo;est donc pas rare de pouvoir mettre la main sur quelques exemplaires et redonner vie \u00e0 ce ch\u00eane est une chose importante pour moi. Une fois d\u00e9mont\u00e9es et ponc\u00e9es, les douelles sont tamponn\u00e9es \u00e0 la main pour marquer le nom des Grands Crus bourguignons mais pas que ! Je garde volontairement des traces des cerclages pour garder l&rsquo;authenticit\u00e9 de l&rsquo;objet. En prime, les teintes du vin \u00e0 l&rsquo;arri\u00e8re attesteront de l&rsquo;usage v\u00e9ritable de la douelle.<\/p>\n\n\n\n<p class=\"has-foreground-color has-text-color has-link-color wp-elements-e837880ff49b159382de9a09a9c325ed\"><em>Douelle vendue 20\u20ac (enl\u00e8vement \u00e0 l&rsquo;atelier) &#8211; dimensions 88x8cm<\/em> &#8211; <a href=\"https:\/\/le-menuisier-de-la-cave.sumupstore.com\/product\/douelle-decorative\" title=\"Disponible ici\">Disponible ici<\/a><\/p>\n<\/div><\/div>\n","protected":false},"excerpt":{"rendered":"<p>Planche ap\u00e9ritive, [Collection Origine] Climats de Bourgogne : Chaque planche ap\u00e9ritive que je cr\u00e9e, en h\u00eatre, est bien plus qu&rsquo;un simple support. Ce bois, id\u00e9al pour un usage alimentaire, est s\u00e9lectionn\u00e9 pour sa robustesse et sa capacit\u00e9 \u00e0 sublimer les gravures que je r\u00e9alise. Les dimensions sont standardis\u00e9es, mais chaque pi\u00e8ce reste unique gr\u00e2ce aux [&hellip;]<\/p>\n","protected":false},"author":2,"featured_media":0,"parent":0,"menu_order":0,"comment_status":"closed","ping_status":"closed","template":"","meta":{"om_disable_all_campaigns":false,"_mi_skip_tracking":false,"_monsterinsights_sitenote_active":false,"_monsterinsights_sitenote_note":"","_monsterinsights_sitenote_category":0,"footnotes":""},"class_list":["post-1113","page","type-page","status-publish","hentry"],"aioseo_notices":[],"_links":{"self":[{"href":"https:\/\/lemenuisierdelacave.fr\/index.php?rest_route=\/wp\/v2\/pages\/1113","targetHints":{"allow":["GET"]}}],"collection":[{"href":"https:\/\/lemenuisierdelacave.fr\/index.php?rest_route=\/wp\/v2\/pages"}],"about":[{"href":"https:\/\/lemenuisierdelacave.fr\/index.php?rest_route=\/wp\/v2\/types\/page"}],"author":[{"embeddable":true,"href":"https:\/\/lemenuisierdelacave.fr\/index.php?rest_route=\/wp\/v2\/users\/2"}],"replies":[{"embeddable":true,"href":"https:\/\/lemenuisierdelacave.fr\/index.php?rest_route=%2Fwp%2Fv2%2Fcomments&post=1113"}],"version-history":[{"count":47,"href":"https:\/\/lemenuisierdelacave.fr\/index.php?rest_route=\/wp\/v2\/pages\/1113\/revisions"}],"predecessor-version":[{"id":1628,"href":"https:\/\/lemenuisierdelacave.fr\/index.php?rest_route=\/wp\/v2\/pages\/1113\/revisions\/1628"}],"wp:attachment":[{"href":"https:\/\/lemenuisierdelacave.fr\/index.php?rest_route=%2Fwp%2Fv2%2Fmedia&parent=1113"}],"curies":[{"name":"wp","href":"https:\/\/api.w.org\/{rel}","templated":true}]}}