{"id":3,"date":"2023-03-29T21:37:44","date_gmt":"2023-03-29T19:37:44","guid":{"rendered":"https:\/\/lemenuisierdelacave.fr\/?page_id=3"},"modified":"2023-07-02T14:33:28","modified_gmt":"2023-07-02T12:33:28","slug":"politique-de-confidentialite","status":"publish","type":"page","link":"https:\/\/lemenuisierdelacave.fr\/?page_id=3","title":{"rendered":"Politique de confidentialit\u00e9"},"content":{"rendered":"\n<h4 class=\"wp-block-heading\"><strong>INTRODUCTION<\/strong><\/h4>\n\n\n\n<p>Le Menuisier de la Cave s\u2019engage \u00e0 respecter votre vie priv\u00e9e et \u00e0 prot\u00e9ger vos donn\u00e9es personnelles. Conform\u00e9ment \u00e0 la l\u00e9gislation applicable en mati\u00e8re de protection des donn\u00e9es personnelles, cet avis de confidentialit\u00e9 a vocation \u00e0 vous expliquer comment Le Menuisier de la Cave collecte, traite, prot\u00e8ge et potentiellement partage vos donn\u00e9es personnelles. Cet avis de confidentialit\u00e9 vous informe \u00e9galement quant \u00e0 vos droits et \u00e0 la mani\u00e8re de les exercer.<\/p>\n\n\n\n<h4 class=\"wp-block-heading\"><strong>D\u00c9FINITIONS<\/strong><\/h4>\n\n\n\n<ul class=\"wp-block-list\">\n<li>Responsable de traitement : s\u2019entend de la personne ou de l\u2019entit\u00e9 qui d\u00e9termine les finalit\u00e9s et les moyens du traitement de donn\u00e9es personnelles.<\/li>\n\n\n\n<li>L\u00e9gislation applicable en mati\u00e8re de protection des donn\u00e9es personnelles : fait r\u00e9f\u00e9rence \u00e0 la Directive 2002\/58\/CE et au R\u00e8glement G\u00e9n\u00e9ral sur la Protection des Donn\u00e9es (UE) 2016\/679, (ci-apr\u00e8s \u00ab RGPD \u00bb) ainsi qu\u2019\u00e0 tous les actes d\u00e9l\u00e9gu\u00e9s et actes d\u2019ex\u00e9cution adopt\u00e9s en vertu du RGPD et aux lois des \u00c9tats membres pr\u00e9cisant les dispositions dudit R\u00e8glement applicables au traitement de Donn\u00e9es Personnelles.<\/li>\n\n\n\n<li>Sous-traitant : s\u2019entend de la personne ou de l\u2019entit\u00e9 qui traite des donn\u00e9es personnelles pour le compte, sur instruction et sous l\u2019autorit\u00e9 d\u2019un responsable de traitement.<\/li>\n\n\n\n<li>Donn\u00e9es personnelles : s\u2019entend de toute donn\u00e9e permettant directement ou indirectement l\u2019identification d\u2019une personne physique.<\/li>\n\n\n\n<li>Site : s\u2019entend du site internet www.lemenuisierdelacave.fr.<\/li>\n<\/ul>\n\n\n\n<h2 class=\"wp-block-heading\"><\/h2>\n\n\n\n<h4 class=\"wp-block-heading\"><\/h4>\n\n\n\n<h4 class=\"wp-block-heading\"><strong>RESPONSABLE DE TRAITEMENT<\/strong><\/h4>\n\n\n\n<p>Les donn\u00e9es personnelles obtenues via ce Site sont trait\u00e9es par Le Menuisier de la Cave, agissant en qualit\u00e9 de responsable de traitement.<\/p>\n\n\n\n<h2 class=\"wp-block-heading\"><\/h2>\n\n\n\n<h4 class=\"wp-block-heading\"><\/h4>\n\n\n\n<h4 class=\"wp-block-heading\"><strong>CAT\u00c9GORIES DE DONN\u00c9ES PERSONNELLES COLLECT\u00c9ES<\/strong><\/h4>\n\n\n\n<p>Lors de chaque connexion sur le site, le responsable de traitement ou des tiers agissant pour son compte, collectent et stockent automatiquement des informations relatives \u00e0 votre syst\u00e8me et \u00e0 vos activit\u00e9s sur le site. Ces informations peuvent inclure:<\/p>\n\n\n\n<ul class=\"wp-block-list\">\n<li>Le num\u00e9ro d\u2019identification unique de votre ordinateur ou de tout autre appareil \u00e9lectronique ; votre adresse IP ; des informations techniques sur votre appareil comme le type d\u2019appareil, le navigateur Internet ou le syst\u00e8me d\u2019exploitation utilis\u00e9s ; vos pr\u00e9f\u00e9rences et param\u00e8tres \u00e0 l\u2019image du fuseau horaire ou de la langue ; des donn\u00e9es statistiques relatives \u00e0 vos activit\u00e9s et habitudes de navigation.<\/li>\n<\/ul>\n\n\n\n<h2 class=\"wp-block-heading\"><\/h2>\n\n\n\n<h4 class=\"wp-block-heading\"><\/h4>\n\n\n\n<h4 class=\"wp-block-heading\"><strong>FINALIT\u00c9S DE LA COLLECTE DE DONN\u00c9ES PERSONNELLES<\/strong><\/h4>\n\n\n\n<p>Le responsable de traitement s\u2019engage \u00e0 collecter et traiter vos donn\u00e9es personnelles uniquement pour vous fournir ses services ou pour r\u00e9pondre \u00e0 une obligation l\u00e9gale.<\/p>\n\n\n\n<p>Le responsable de traitement utilisera vos donn\u00e9es personnelles uniquement dans le respect de la finalit\u00e9 pour laquelle vous les lui avez communiqu\u00e9es, conform\u00e9ment \u00e0 ce qui vous a \u00e9t\u00e9 indiqu\u00e9 sur notre site au moment de la communication de vos donn\u00e9es personnelles : les donn\u00e9es personnelles collect\u00e9es lors de votre inscription aux newsletters du responsable de traitement, ou par le biais de tout formulaire ou autres demandes similaires seront uniquement utilis\u00e9es dans le respect de la finalit\u00e9 pour laquelle ces informations ont \u00e9t\u00e9 communiqu\u00e9es et collect\u00e9es ; les donn\u00e9es personnelles collect\u00e9es lors de chaque connexion seront utilis\u00e9es pour tracer votre parcours sur le site afin de permettre au responsable de traitement d\u2019\u00e9tablir des statistiques sur les pages les plus visit\u00e9es et, plus g\u00e9n\u00e9ralement, de contr\u00f4ler et am\u00e9liorer le fonctionnement du site ; le responsable de traitement pourra \u00e9galement utiliser vos donn\u00e9es personnelles \u00e0 des fins de prospection directe, et ce afin de vous fournir une meilleure qualit\u00e9 de services, uniquement si vous y avez consenti.<\/p>\n\n\n\n<h2 class=\"wp-block-heading\"><\/h2>\n\n\n\n<h4 class=\"wp-block-heading\"><\/h4>\n\n\n\n<h4 class=\"wp-block-heading\"><strong>BASES L\u00c9GALES DU TRAITEMENT DE DONN\u00c9ES PERSONNELLES<\/strong><\/h4>\n\n\n\n<p>Nous traitons vos donn\u00e9es personnelles sur les bases juridiques suivantes:<\/p>\n\n\n\n<ul class=\"wp-block-list\">\n<li>Votre consentement : lorsque vous communiquez vos donn\u00e9es personnelles au responsable de traitement, vous consentez \u00e0 ce qu\u2019il utilise vos donn\u00e9es personnelles conform\u00e9ment \u00e0 la finalit\u00e9 identifi\u00e9e.<\/li>\n\n\n\n<li>Ex\u00e9cution d\u2019un contrat : le responsable de traitement peut traiter vos donn\u00e9es personnelles pour remplir ses obligations contractuelles et vous fournir ses services.<\/li>\n\n\n\n<li>Obligation l\u00e9gale : Le responsable de traitement peut traiter vos donn\u00e9es personnelles pour remplir une obligation l\u00e9gale.<\/li>\n\n\n\n<li>Int\u00e9r\u00eat l\u00e9gitime : le responsable de traitement peut traiter vos donn\u00e9es personnelles pour am\u00e9liorer ses services et s\u2019assurer que vous b\u00e9n\u00e9ficiez de la meilleure exp\u00e9rience sur son site.<\/li>\n<\/ul>\n\n\n\n<h2 class=\"wp-block-heading\"><\/h2>\n\n\n\n<h4 class=\"wp-block-heading\"><\/h4>\n\n\n\n<h4 class=\"wp-block-heading\"><strong>PARTAGE DE VOS DONN\u00c9ES PERSONNELLES<\/strong><\/h4>\n\n\n\n<p><\/p>\n\n\n\n<p>Vous autorisez le responsable de traitement \u00e0 partager vos donn\u00e9es personnelles avec des prestataires de services, des sous-traitants et des agents pour exercer certaines fonctions pour son compte et conform\u00e9ment \u00e0 ses instructions, \u00e0 l\u2019image de prestataires de paiements, de prestataires informatiques, de comptables, d\u2019auditeurs ou d\u2019avocats.<\/p>\n\n\n\n<p>Dans certaines circonstances, le responsable de traitement pourra \u00eatre contraint de partager vos donn\u00e9es personnelles avec les autorit\u00e9s gouvernementales et\/ou les forces de l\u2019ordre pour se conformer aux lois en vigueur dans le cadre par exemple de la loi anti-corruption, pour prot\u00e9ger les droits, la propri\u00e9t\u00e9 ou la s\u00e9curit\u00e9 d\u2019un tiers ou pour se conformer \u00e0 ses conditions g\u00e9n\u00e9rales.<\/p>\n\n\n\n<p>Le responsable de traitement pourra \u00e9galement partager vos donn\u00e9es personnelles dans le cadre d\u2019un projet de fusion, de cession d\u2019actifs, de consolidation ou restructuration, de financement ou d\u2019acquisition de tout ou partie de son activit\u00e9 par une autre soci\u00e9t\u00e9.<\/p>\n\n\n\n<h2 class=\"wp-block-heading\"><\/h2>\n\n\n\n<h4 class=\"wp-block-heading\"><\/h4>\n\n\n\n<h4 class=\"wp-block-heading\"><strong>HYPERLIENS<\/strong><\/h4>\n\n\n\n<p>Le site du responsable de traitement peut contenir des liens vers d\u2019autres sites susceptibles de vous int\u00e9resser. Lorsque vous utilisez ces liens pour quitter le site du responsable de traitement, le responsable de traitement n\u2019exerce aucun contr\u00f4le sur ces autres sites.<\/p>\n\n\n\n<p>Par cons\u00e9quent, le responsable de traitement ne peut \u00eatre tenu pour responsable de la protection et de la confidentialit\u00e9 des informations que vous aurez fournies, volontairement ou non, en visitant ces sites et les dits sites ne sont pas r\u00e9gis par le pr\u00e9sent avis de confidentialit\u00e9. Nous vous invitons ainsi \u00e0 faire preuve de prudence et \u00e0 prendre connaissance de la politique de confidentialit\u00e9 des sites en question.<\/p>\n\n\n\n<h2 class=\"wp-block-heading\"><\/h2>\n\n\n\n<h4 class=\"wp-block-heading\"><\/h4>\n\n\n\n<h4 class=\"wp-block-heading\"><strong>VOS DROITS<\/strong><\/h4>\n\n\n\n<p>Conform\u00e9ment \u00e0 la l\u00e9gislation en vigueur, vous disposez des droits suivants \u00e0 l\u2019\u00e9gard de vos donn\u00e9es personnelles :<\/p>\n\n\n\n<ul class=\"wp-block-list\">\n<li>Droit d\u2019acc\u00e8s : vous avez le droit de demander l\u2019acc\u00e8s \u00e0 vos donn\u00e9es personnelles.<\/li>\n\n\n\n<li>Droit de rectification : vous avez le droit de demander la rectification de vos donn\u00e9es personnelles lorsque ces derni\u00e8res sont incorrectes ou incompl\u00e8tes.<\/li>\n\n\n\n<li>Droit \u00e0 l\u2019effacement (\u201cDroit \u00e0 l\u2019oubli\u201d) : vous avez le droit de demander l\u2019effacement de vos donn\u00e9es personnelles et ce uniquement si l\u2019une des conditions \u00e9dict\u00e9es par le RGPD est remplie. N\u00e9anmoins, le responsable de traitement est autoris\u00e9 \u00e0 refuser votre demande ou \u00e0 conserver certaines de vos donn\u00e9es personnelles dans le but de se conformer \u00e0 certaines obligations l\u00e9gales.<\/li>\n\n\n\n<li>Droit \u00e0 la limitation du traitement : vous avez le droit de demander au responsable de traitement de limiter la fa\u00e7on dont sont trait\u00e9es vos donn\u00e9es personnelles.<\/li>\n\n\n\n<li>Droit \u00e0 la portabilit\u00e9 des donn\u00e9es : vous avez le droit de demander \u00e0 recevoir les donn\u00e9es personnelles que vous avez fournies au responsable de traitement, dans un format structur\u00e9, couramment utilis\u00e9 et lisible par une machine, pour transmettre ces donn\u00e9es \u00e0 un autre responsable de traitement. Ce droit est cependant subordonn\u00e9 \u00e0 la r\u00e9union des deux conditions suivantes : (i) le traitement est fond\u00e9 sur votre consentement ou l\u2019ex\u00e9cution d\u2019un contrat et (ii) est effectu\u00e9 \u00e0 l\u2019aide de proc\u00e9d\u00e9s automatis\u00e9s. Vous pouvez exercer ces droits en envoyant votre requ\u00eate par e-mail \u00e0 contact@lemenuisierdelacave.fr et le responsable de traitement mettra tout en \u0153uvre pour r\u00e9pondre \u00e0 votre requ\u00eate le plus rapidement possible.<\/li>\n<\/ul>\n\n\n\n<h2 class=\"wp-block-heading\"><\/h2>\n\n\n\n<h4 class=\"wp-block-heading\"><\/h4>\n\n\n\n<h4 class=\"wp-block-heading\"><strong>DUR\u00c9E DE CONSERVATION<\/strong><\/h4>\n\n\n\n<p>Le responsable de traitement conservera vos donn\u00e9es personnelles uniquement pendant la dur\u00e9e n\u00e9cessaire \u00e0 la finalit\u00e9 du traitement pour lequel ces donn\u00e9es ont \u00e9t\u00e9 communiqu\u00e9es ou pour se conformer \u00e0 certaines obligations l\u00e9gales.<\/p>\n\n\n\n<h4 class=\"wp-block-heading\"><strong>S\u00c9CURIT\u00c9<\/strong><\/h4>\n\n\n\n<p>Le responsable de traitement a mis en place des mesures techniques, organisationnelles et structurelles raisonnables pour assurer un niveau de protection ad\u00e9quat de vos donn\u00e9es personnelles contre tout traitement non autoris\u00e9 ou illicite ainsi que pour pr\u00e9venir la perte accidentelle, la destruction ou la survenance de tout dommage.<\/p>\n\n\n\n<p>Dans le cas o\u00f9 vos donn\u00e9es personnelles seraient transf\u00e9r\u00e9es \u00e0 des tiers, le responsable de traitement s\u2019assurera que vos donn\u00e9es personnelles seront trait\u00e9es uniquement selon ses instructions.<\/p>\n\n\n\n<p>Lorsque le responsable de traitement vous a communiqu\u00e9 un mot de passe ou lorsque vous avez vous-m\u00eame choisi un mot de passe vous permettant l\u2019acc\u00e8s \u00e0 certaines parties de son site, il est de votre responsabilit\u00e9 de garder ce mot de passe confidentiel.<\/p>\n\n\n\n<h2 class=\"wp-block-heading\">Cookies<\/h2>\n\n\n\n<p><strong class=\"privacy-policy-tutorial\">Texte sugg\u00e9r\u00e9&nbsp;: <\/strong>Si vous d\u00e9posez un commentaire sur notre site, il vous sera propos\u00e9 d\u2019enregistrer votre nom, adresse e-mail et site dans des cookies. C\u2019est uniquement pour votre confort afin de ne pas avoir \u00e0 saisir ces informations si vous d\u00e9posez un autre commentaire plus tard. Ces cookies expirent au bout d\u2019un an.<\/p>\n\n\n\n<p>Si vous vous rendez sur la page de connexion, un cookie temporaire sera cr\u00e9\u00e9 afin de d\u00e9terminer si votre navigateur accepte les cookies. Il ne contient pas de donn\u00e9es personnelles et sera supprim\u00e9 automatiquement \u00e0 la fermeture de votre navigateur.<\/p>\n\n\n\n<p>Lorsque vous vous connecterez, nous mettrons en place un certain nombre de cookies pour enregistrer vos informations de connexion et vos pr\u00e9f\u00e9rences d\u2019\u00e9cran. La dur\u00e9e de vie d\u2019un cookie de connexion est de deux jours, celle d\u2019un cookie d\u2019option d\u2019\u00e9cran est d\u2019un an. Si vous cochez \u00ab&nbsp;Se souvenir de moi&nbsp;\u00bb, votre cookie de connexion sera conserv\u00e9 pendant deux semaines. Si vous vous d\u00e9connectez de votre compte, le cookie de connexion sera effac\u00e9.<\/p>\n\n\n\n<p>En modifiant ou en publiant une publication, un cookie suppl\u00e9mentaire sera enregistr\u00e9 dans votre navigateur. Ce cookie ne comprend aucune donn\u00e9e personnelle. Il indique simplement l\u2019ID de la publication que vous venez de modifier. Il expire au bout d\u2019un jour.<\/p>\n\n\n\n<h2 class=\"wp-block-heading\">Utilisation et transmission de vos donn\u00e9es personnelles<\/h2>\n\n\n\n<p><strong class=\"privacy-policy-tutorial\">Texte sugg\u00e9r\u00e9&nbsp;: <\/strong>Si vous demandez une r\u00e9initialisation de votre mot de passe, votre adresse IP sera incluse dans l\u2019e-mail de r\u00e9initialisation.<\/p>\n\n\n\n<h2 class=\"wp-block-heading\">Dur\u00e9es de stockage de vos donn\u00e9es<\/h2>\n\n\n\n<p><strong class=\"privacy-policy-tutorial\">Texte sugg\u00e9r\u00e9&nbsp;: <\/strong>Si vous laissez un commentaire, le commentaire et ses m\u00e9tadonn\u00e9es sont conserv\u00e9s ind\u00e9finiment. Cela permet de reconna\u00eetre et approuver automatiquement les commentaires suivants au lieu de les laisser dans la file de mod\u00e9ration.<\/p>\n\n\n\n<p>Pour les comptes qui s\u2019inscrivent sur notre site (le cas \u00e9ch\u00e9ant), nous stockons \u00e9galement les donn\u00e9es personnelles indiqu\u00e9es dans leur profil. Tous les comptes peuvent voir, modifier ou supprimer leurs informations personnelles \u00e0 tout moment (\u00e0 l\u2019exception de leur identifiant). Les gestionnaires du site peuvent aussi voir et modifier ces informations.<\/p>\n\n\n\n<h2 class=\"wp-block-heading\">Les droits que vous avez sur vos donn\u00e9es<\/h2>\n\n\n\n<p><strong class=\"privacy-policy-tutorial\">Texte sugg\u00e9r\u00e9\u00a0: <\/strong>Si vous avez un compte ou si vous avez laiss\u00e9 des commentaires sur le site, vous pouvez demander \u00e0 recevoir un fichier contenant toutes les donn\u00e9es personnelles que nous poss\u00e9dons \u00e0 votre sujet, incluant celles que vous nous avez fournies. Vous pouvez \u00e9galement demander la suppression des donn\u00e9es personnelles vous concernant. Cela ne prend pas en compte les donn\u00e9es stock\u00e9es \u00e0 des fins administratives, l\u00e9gales ou pour des raisons de s\u00e9curit\u00e9.<\/p>\n","protected":false},"excerpt":{"rendered":"<p>INTRODUCTION Le Menuisier de la Cave s\u2019engage \u00e0 respecter votre vie priv\u00e9e et \u00e0 prot\u00e9ger vos donn\u00e9es personnelles. Conform\u00e9ment \u00e0 la l\u00e9gislation applicable en mati\u00e8re de protection des donn\u00e9es personnelles, cet avis de confidentialit\u00e9 a vocation \u00e0 vous expliquer comment Le Menuisier de la Cave collecte, traite, prot\u00e8ge et potentiellement partage vos donn\u00e9es personnelles. Cet [&hellip;]<\/p>\n","protected":false},"author":1,"featured_media":0,"parent":0,"menu_order":0,"comment_status":"closed","ping_status":"open","template":"","meta":{"om_disable_all_campaigns":false,"_mi_skip_tracking":false,"_monsterinsights_sitenote_active":false,"_monsterinsights_sitenote_note":"","_monsterinsights_sitenote_category":0,"footnotes":""},"class_list":["post-3","page","type-page","status-publish","hentry"],"aioseo_notices":[],"_links":{"self":[{"href":"https:\/\/lemenuisierdelacave.fr\/index.php?rest_route=\/wp\/v2\/pages\/3","targetHints":{"allow":["GET"]}}],"collection":[{"href":"https:\/\/lemenuisierdelacave.fr\/index.php?rest_route=\/wp\/v2\/pages"}],"about":[{"href":"https:\/\/lemenuisierdelacave.fr\/index.php?rest_route=\/wp\/v2\/types\/page"}],"author":[{"embeddable":true,"href":"https:\/\/lemenuisierdelacave.fr\/index.php?rest_route=\/wp\/v2\/users\/1"}],"replies":[{"embeddable":true,"href":"https:\/\/lemenuisierdelacave.fr\/index.php?rest_route=%2Fwp%2Fv2%2Fcomments&post=3"}],"version-history":[{"count":2,"href":"https:\/\/lemenuisierdelacave.fr\/index.php?rest_route=\/wp\/v2\/pages\/3\/revisions"}],"predecessor-version":[{"id":452,"href":"https:\/\/lemenuisierdelacave.fr\/index.php?rest_route=\/wp\/v2\/pages\/3\/revisions\/452"}],"wp:attachment":[{"href":"https:\/\/lemenuisierdelacave.fr\/index.php?rest_route=%2Fwp%2Fv2%2Fmedia&parent=3"}],"curies":[{"name":"wp","href":"https:\/\/api.w.org\/{rel}","templated":true}]}}