{"id":415,"date":"2023-07-01T16:53:15","date_gmt":"2023-07-01T14:53:15","guid":{"rendered":"https:\/\/lemenuisierdelacave.fr\/?page_id=415"},"modified":"2024-11-13T13:16:57","modified_gmt":"2024-11-13T12:16:57","slug":"conditions-generales","status":"publish","type":"page","link":"https:\/\/lemenuisierdelacave.fr\/?page_id=415","title":{"rendered":"Conditions g\u00e9n\u00e9rales"},"content":{"rendered":"\n<p><strong>MENTIONS LEGALES<\/strong> <\/p>\n\n\n\n<p>Editeur du site : <\/p>\n\n\n\n<p>Le site \u00ab\u00a0Le Mensuisier de la Cave\u00a0\u00bb est \u00e9dit\u00e9 par :<\/p>\n\n\n\n<p><strong>Nom de l&rsquo;entreprise :<\/strong> Le Menuisier de la Cave<br><strong>Statut juridique :<\/strong> Auto-entrepreneur<br><strong>Num\u00e9ro SIRET : <\/strong>91863252200010<br><strong>Adresse :<\/strong> 10 rue Cabry, 21700 Premeaux-Prissey<br><strong>T\u00e9l\u00e9phone :<\/strong> 07 50 97 82 69<br><strong>Email :<\/strong> contact@lemenuisierdelacave.fr<br><\/p>\n\n\n\n<p><strong>H\u00e9bergement du site :<\/strong><br>Le site \u00ab\u00a0Le Menuisier de la Cave\u00a0\u00bb est h\u00e9berger par <strong>HOSTINGER<\/strong><br><strong>Adresse du si\u00e8ge social de l&rsquo;h\u00e9bergeur :<\/strong> Hostinger Intrenational Ltd., 61 Lordou Vironos Street, 6023 Larnaca, Chypre<\/p>\n\n\n\n<p><strong>Propri\u00e9t\u00e9 intellectuelle :<\/strong><br>L&rsquo;ensemble des contenus pr\u00e9sents sur le site https:\/\/lemenuisierdelacave.fr\/, y compris les textes, images et photos des cr\u00e9ations, sont la propri\u00e9t\u00e9 exclusive de <strong>LeMenuisierdelaCave<\/strong>. Toute reproduction, distribution ou utilisation de ces contenus sans autorisation pr\u00e9alable est strictement interdite.<\/p>\n\n\n\n<p><strong>Conditions G\u00e9n\u00e9rales d&rsquo;Utilisation (CGU) :<\/strong><br><strong>Article 1 &#8211; Objet : <\/strong>Le site https:\/\/lemenuisierdelacave.fr\/ est un site de pr\u00e9sentation d\u00e9di\u00e9 aux cr\u00e9ations artisanales de Pierre Georgel, artisan menuisier op\u00e9rant sous le nom <strong>LeMenuisierdelaCave<\/strong>. Il a pour vocation de pr\u00e9senter des produits d\u00e9coratifs et des agencements de caves r\u00e9alis\u00e9s \u00e0 partir de mat\u00e9riaux issus de la viticulture. <\/p>\n\n\n\n<p><strong>Article 2 &#8211; Acc\u00e8s au site : <\/strong>L&rsquo;acc\u00e8s au site est ouvert \u00e0 tous les visiteurs. Aucune inscription ou cr\u00e9ation de compte n&rsquo;est requise. Le site est uniquement informatif et ne comporte ni espace de commentaire, ni boutique en ligne.<\/p>\n\n\n\n<p><strong>Article 3 &#8211; Propri\u00e9t\u00e9 Intellectuelle : <\/strong>Tous les contenus pr\u00e9sents sur le site ; textes, images, logos, photographies des cr\u00e9ations ; sont prot\u00e9g\u00e9s par des droits d&rsquo;auteur et sont la propri\u00e9t\u00e9 exclusive de <strong>LeMenuisierdelaCave<\/strong>. Toute reproduction ou utilisation des contenus sans autorisation pr\u00e9alable est strictement interdite. Les logos ou blasons visibles sur les plateaux de d\u00e9gustations sont r\u00e9alis\u00e9s \u00e0 partir de produits originaux et ne sont en aucun cas des reproductions. Les caisses de vin, utilis\u00e9s pour la fabrication de ces produits sont un d\u00e9tournement de l&rsquo;usage initial et une interpr\u00e9tation artistique.<\/p>\n\n\n\n<p><strong>Article 4 &#8211; Protection des donn\u00e9es personnelles : <\/strong>Le site https:\/\/lemenuisierdelacave.fr\/ ne collecte aucune donn\u00e9es personnelles sur les utilisateurs parcourant le site. Aucune information n&rsquo;est demand\u00e9e ou stock\u00e9e lors de la consultation du site. <\/p>\n\n\n\n<p><strong>Article 5 &#8211; Responsabilit\u00e9 : <\/strong>Le site https:\/\/lemenuisierdelacave.fr\/ s&rsquo;efforce de fournir des informations aussi pr\u00e9cises que possible. Toutefois, l&rsquo;\u00e9diteur ne saurait \u00eatre tenu responsables des erreurs ou omissions, ainsi que des \u00e9ventuels dommages mat\u00e9riels ou immat\u00e9riels li\u00e9s \u00e0 l&rsquo;utilisation des informations disponibles sur le site.<\/p>\n\n\n\n<p><br><\/p>\n","protected":false},"excerpt":{"rendered":"<p>MENTIONS LEGALES Editeur du site : Le site \u00ab\u00a0Le Mensuisier de la Cave\u00a0\u00bb est \u00e9dit\u00e9 par : Nom de l&rsquo;entreprise : Le Menuisier de la CaveStatut juridique : Auto-entrepreneurNum\u00e9ro SIRET : 91863252200010Adresse : 10 rue Cabry, 21700 Premeaux-PrisseyT\u00e9l\u00e9phone : 07 50 97 82 69Email : contact@lemenuisierdelacave.fr H\u00e9bergement du site :Le site \u00ab\u00a0Le Menuisier de la [&hellip;]<\/p>\n","protected":false},"author":1,"featured_media":0,"parent":0,"menu_order":0,"comment_status":"closed","ping_status":"closed","template":"","meta":{"om_disable_all_campaigns":false,"_mi_skip_tracking":false,"_monsterinsights_sitenote_active":false,"_monsterinsights_sitenote_note":"","_monsterinsights_sitenote_category":0,"footnotes":""},"class_list":["post-415","page","type-page","status-publish","hentry"],"aioseo_notices":[],"_links":{"self":[{"href":"https:\/\/lemenuisierdelacave.fr\/index.php?rest_route=\/wp\/v2\/pages\/415","targetHints":{"allow":["GET"]}}],"collection":[{"href":"https:\/\/lemenuisierdelacave.fr\/index.php?rest_route=\/wp\/v2\/pages"}],"about":[{"href":"https:\/\/lemenuisierdelacave.fr\/index.php?rest_route=\/wp\/v2\/types\/page"}],"author":[{"embeddable":true,"href":"https:\/\/lemenuisierdelacave.fr\/index.php?rest_route=\/wp\/v2\/users\/1"}],"replies":[{"embeddable":true,"href":"https:\/\/lemenuisierdelacave.fr\/index.php?rest_route=%2Fwp%2Fv2%2Fcomments&post=415"}],"version-history":[{"count":4,"href":"https:\/\/lemenuisierdelacave.fr\/index.php?rest_route=\/wp\/v2\/pages\/415\/revisions"}],"predecessor-version":[{"id":1240,"href":"https:\/\/lemenuisierdelacave.fr\/index.php?rest_route=\/wp\/v2\/pages\/415\/revisions\/1240"}],"wp:attachment":[{"href":"https:\/\/lemenuisierdelacave.fr\/index.php?rest_route=%2Fwp%2Fv2%2Fmedia&parent=415"}],"curies":[{"name":"wp","href":"https:\/\/api.w.org\/{rel}","templated":true}]}}