{"id":514,"date":"2023-07-16T18:10:39","date_gmt":"2023-07-16T16:10:39","guid":{"rendered":"https:\/\/lemenuisierdelacave.fr\/?page_id=514"},"modified":"2024-11-13T13:22:17","modified_gmt":"2024-11-13T12:22:17","slug":"evenements","status":"publish","type":"page","link":"https:\/\/lemenuisierdelacave.fr\/?page_id=514","title":{"rendered":"Ev\u00e8nements \/ M\u00e9dia"},"content":{"rendered":"\n<p><strong>Vente des Hospices de Beaune &#8211; Beaune : 15\/16\/17 novembre 2024<\/strong><\/p>\n\n\n\n<p>La Vente des Hospices de Beaune : Un \u00c9v\u00e9nement Viticole et Caritatif Incontournable<\/p>\n\n\n\n<p>Chaque ann\u00e9e, le troisi\u00e8me dimanche de novembre, la Vente des Hospices de Beaune transforme cette ville bourguignonne en capitale mondiale du vin. Cet \u00e9v\u00e9nement caritatif, lanc\u00e9 en 1859, propose aux ench\u00e8res les vins issus des prestigieux vignobles des Hospices, dont les b\u00e9n\u00e9fices servent \u00e0 financer des \u0153uvres m\u00e9dicales et sociales.<\/p>\n\n\n\n<p>Organis\u00e9e par Christie\u2019s, la vente attire des acheteurs internationaux, amateurs de grands crus comme de solidarit\u00e9. Au-del\u00e0 des ench\u00e8res, Beaune s\u2019anime durant tout le week-end avec des d\u00e9gustations, des march\u00e9s locaux et des animations culturelles.<\/p>\n\n\n\n<p><mark style=\"background-color:rgba(0, 0, 0, 0)\" class=\"has-inline-color has-text-regular-color\">C\u2019est une occasion unique de d\u00e9couvrir le savoir-faire viticole de la Bourgogne tout en participant \u00e0 une \u0153uvre de bienfaisance. Ne manquez pas cet \u00e9v\u00e9nement qui allie excellence du vin et g\u00e9n\u00e9rosit\u00e9. L&rsquo;occasion r\u00eav\u00e9e pour se retrouver, \u00e9changer, mais \u00e9galement pouvoir repartir avec un produit exclusif&#8230; !<\/mark> \ud83d\ude42<\/p>\n\n\n\n<p>J&rsquo;organise \u00e9galement un jeu concours, pour participer<strong><a href=\"https:\/\/lemenuisierdelacave.fr\/?page_id=1200\" title=\"\"><mark style=\"background-color:rgba(0, 0, 0, 0)\" class=\"has-inline-color has-text-light-color\"><span style=\"text-decoration: underline;\"> c&rsquo;est ici <\/span><\/mark><\/a><\/strong><\/p>\n\n\n\n<p><strong>F\u00eate du Vin Bourru &#8211; Nuits-Saint-Georges : Une Tradition Bourguignonne Incontournable &#8211; 19\/20 octobre 2024<\/strong><\/p>\n\n\n\n<p>Chaque automne, la charmante ville de Nuits-Saint-Georges, au c\u0153ur de la c\u00e9l\u00e8bre C\u00f4te de Nuits en Bourgogne, se transforme pour c\u00e9l\u00e9brer une tradition viticole unique : la F\u00eate du Vin Bourru. Ce salon, qui attire des visiteurs passionn\u00e9s de vin, de gastronomie et de culture, est une v\u00e9ritable immersion dans le patrimoine bourguignon et ses savoir-faire.<\/p>\n\n\n\n<p>Qu\u2019est-ce que le Vin Bourru ?<\/p>\n\n\n\n<p>Le vin bourru est un vin en pleine fermentation, encore trouble et p\u00e9tillant, qui se consomme g\u00e9n\u00e9ralement en automne, juste apr\u00e8s la vendange. Il s\u2019agit du premier jus de raisin ferment\u00e9, avant m\u00eame qu\u2019il ne devienne un vin totalement form\u00e9. Le vin bourru est souvent l\u00e9g\u00e8rement sucr\u00e9, avec des ar\u00f4mes encore bruts, et sa fra\u00eecheur fait le bonheur des amateurs de vins nouveaux.<\/p>\n\n\n\n<p>Une F\u00eate Conviviale et Familiale<\/p>\n\n\n\n<p>Au-del\u00e0 des d\u00e9gustations, la F\u00eate du Vin Bourru est avant tout un moment de partage et de convivialit\u00e9. Les visiteurs peuvent participer \u00e0 des ateliers de d\u00e9couverte, des visites de caves, des rencontres avec les vignerons, et bien s\u00fbr, des d\u00e9gustations des vins en cours de fermentation.<\/p>\n\n\n\n<p>Le march\u00e9 du terroir qui accompagne le salon propose \u00e9galement une s\u00e9lection de produits locaux : fromages, charcuteries, p\u00e2tisseries, et autres sp\u00e9cialit\u00e9s bourguignonnes, pour accompagner les d\u00e9gustations et faire d\u00e9couvrir aux visiteurs la gastronomie r\u00e9gionale.<\/p>\n\n\n\n<p>N\u2019h\u00e9sitez pas \u00e0 me rendre visite lors de la prochaine \u00e9dition, et \u00e0 d\u00e9couvrir l&rsquo;ensemble de mes cr\u00e9ations, un moment id\u00e9al \u00e0 l&rsquo;approche de Noel. <\/p>\n\n\n\n<figure class=\"wp-block-gallery has-nested-images columns-default is-cropped wp-block-gallery-1 is-layout-flex wp-block-gallery-is-layout-flex\">\n<figure class=\"wp-block-image size-large has-custom-border\"><img fetchpriority=\"high\" decoding=\"async\" width=\"768\" height=\"1024\" data-id=\"1198\" src=\"https:\/\/lemenuisierdelacave.fr\/wp-content\/uploads\/2024\/10\/IMG_1601-768x1024.jpg\" alt=\"\" class=\"wp-image-1198\" style=\"border-radius:30px\" srcset=\"https:\/\/lemenuisierdelacave.fr\/wp-content\/uploads\/2024\/10\/IMG_1601-768x1024.jpg 768w, https:\/\/lemenuisierdelacave.fr\/wp-content\/uploads\/2024\/10\/IMG_1601-225x300.jpg 225w, https:\/\/lemenuisierdelacave.fr\/wp-content\/uploads\/2024\/10\/IMG_1601-1152x1536.jpg 1152w, https:\/\/lemenuisierdelacave.fr\/wp-content\/uploads\/2024\/10\/IMG_1601-1170x1560.jpg 1170w, https:\/\/lemenuisierdelacave.fr\/wp-content\/uploads\/2024\/10\/IMG_1601-rotated.jpg 1512w\" sizes=\"(max-width: 768px) 100vw, 768px\" \/><\/figure>\n\n\n\n<figure class=\"wp-block-image size-large has-custom-border\"><img decoding=\"async\" width=\"768\" height=\"1024\" data-id=\"1197\" src=\"https:\/\/lemenuisierdelacave.fr\/wp-content\/uploads\/2024\/10\/IMG_1600-768x1024.jpg\" alt=\"\" class=\"wp-image-1197\" style=\"border-radius:30px\" srcset=\"https:\/\/lemenuisierdelacave.fr\/wp-content\/uploads\/2024\/10\/IMG_1600-768x1024.jpg 768w, https:\/\/lemenuisierdelacave.fr\/wp-content\/uploads\/2024\/10\/IMG_1600-225x300.jpg 225w, https:\/\/lemenuisierdelacave.fr\/wp-content\/uploads\/2024\/10\/IMG_1600-1152x1536.jpg 1152w, https:\/\/lemenuisierdelacave.fr\/wp-content\/uploads\/2024\/10\/IMG_1600-1170x1560.jpg 1170w, https:\/\/lemenuisierdelacave.fr\/wp-content\/uploads\/2024\/10\/IMG_1600-rotated.jpg 1512w\" sizes=\"(max-width: 768px) 100vw, 768px\" \/><\/figure>\n<\/figure>\n\n\n\n<p><strong>March\u00e9 artisanal Premeaux-Prissey<\/strong><\/p>\n\n\n\n<p>Quoi de mieux que de proposer ses cr\u00e9ations \u00e0 quelques m\u00e8tres de l&rsquo;atelier ? Le village de Premeaux-Prissey organise le 3\u00e8me dimanche de chaque mois, entre juin et octobre son march\u00e9 artisanal. De quoi retrouver mes produits dans un environnement fort convivial. <\/p>\n\n\n\n<p>RDV donc au 41 Rue de la Courtavaux \u00e0 Premeaux-Prissey entre 9h et 13h pour \u00e9changer et repartir avec une cr\u00e9ations 100% locale \ud83d\ude00<\/p>\n\n\n\n<figure class=\"wp-block-gallery has-nested-images columns-default is-cropped wp-block-gallery-2 is-layout-flex wp-block-gallery-is-layout-flex\">\n<figure class=\"wp-block-image size-large has-custom-border\"><img decoding=\"async\" width=\"1024\" height=\"757\" data-id=\"1004\" src=\"https:\/\/lemenuisierdelacave.fr\/wp-content\/uploads\/2024\/07\/IMG_0414-1-1024x757.jpg\" alt=\"\" class=\"wp-image-1004\" style=\"border-radius:30px\" srcset=\"https:\/\/lemenuisierdelacave.fr\/wp-content\/uploads\/2024\/07\/IMG_0414-1-1024x757.jpg 1024w, https:\/\/lemenuisierdelacave.fr\/wp-content\/uploads\/2024\/07\/IMG_0414-1-300x222.jpg 300w, https:\/\/lemenuisierdelacave.fr\/wp-content\/uploads\/2024\/07\/IMG_0414-1-768x568.jpg 768w, https:\/\/lemenuisierdelacave.fr\/wp-content\/uploads\/2024\/07\/IMG_0414-1-1536x1136.jpg 1536w, https:\/\/lemenuisierdelacave.fr\/wp-content\/uploads\/2024\/07\/IMG_0414-1-2048x1514.jpg 2048w, https:\/\/lemenuisierdelacave.fr\/wp-content\/uploads\/2024\/07\/IMG_0414-1-1170x865.jpg 1170w\" sizes=\"(max-width: 1024px) 100vw, 1024px\" \/><\/figure>\n<\/figure>\n\n\n\n<p><strong>Saint Vincent Tournante 2024 &#8211; Morey-Saint-Denis \/ Chambolle-Musigny<\/strong> &#8211; <strong>27\/28 janvier<\/strong><\/p>\n\n\n\n<p>Premi\u00e8re Saint Vincent pour moi et quelle \u00e9dition !!! Merci \u00e0 toutes celles et ceux qui sont venus \u00e0 ma rencontre, qui ont voulu d\u00e9couvrir mon m\u00e9tier et ma fa\u00e7on de le pr\u00e9senter. Une belle \u00e9dition \u00e0 vos c\u00f4t\u00e9s qui peut appeler \u00e0 d&rsquo;autres \u00e9v\u00e8nements de ce type ?&#8230;  <\/p>\n\n\n\n<figure class=\"wp-block-gallery has-nested-images columns-default is-cropped wp-block-gallery-3 is-layout-flex wp-block-gallery-is-layout-flex\">\n<figure class=\"wp-block-image size-large has-custom-border\"><img loading=\"lazy\" decoding=\"async\" width=\"768\" height=\"1024\" data-id=\"877\" src=\"https:\/\/lemenuisierdelacave.fr\/wp-content\/uploads\/2024\/04\/IMG_8279-768x1024.jpg\" alt=\"\" class=\"wp-image-877\" style=\"border-radius:30px\" srcset=\"https:\/\/lemenuisierdelacave.fr\/wp-content\/uploads\/2024\/04\/IMG_8279-768x1024.jpg 768w, https:\/\/lemenuisierdelacave.fr\/wp-content\/uploads\/2024\/04\/IMG_8279-225x300.jpg 225w, https:\/\/lemenuisierdelacave.fr\/wp-content\/uploads\/2024\/04\/IMG_8279-1152x1536.jpg 1152w, https:\/\/lemenuisierdelacave.fr\/wp-content\/uploads\/2024\/04\/IMG_8279-1170x1560.jpg 1170w, https:\/\/lemenuisierdelacave.fr\/wp-content\/uploads\/2024\/04\/IMG_8279-rotated.jpg 1512w\" sizes=\"(max-width: 768px) 100vw, 768px\" \/><\/figure>\n\n\n\n<figure class=\"wp-block-image size-large has-custom-border is-style-default\"><img loading=\"lazy\" decoding=\"async\" width=\"1024\" height=\"768\" data-id=\"878\" src=\"https:\/\/lemenuisierdelacave.fr\/wp-content\/uploads\/2024\/04\/IMG_8276-1024x768.jpg\" alt=\"\" class=\"wp-image-878\" style=\"border-radius:30px\" srcset=\"https:\/\/lemenuisierdelacave.fr\/wp-content\/uploads\/2024\/04\/IMG_8276-1024x768.jpg 1024w, https:\/\/lemenuisierdelacave.fr\/wp-content\/uploads\/2024\/04\/IMG_8276-300x225.jpg 300w, https:\/\/lemenuisierdelacave.fr\/wp-content\/uploads\/2024\/04\/IMG_8276-768x576.jpg 768w, https:\/\/lemenuisierdelacave.fr\/wp-content\/uploads\/2024\/04\/IMG_8276-1536x1152.jpg 1536w, https:\/\/lemenuisierdelacave.fr\/wp-content\/uploads\/2024\/04\/IMG_8276-1170x878.jpg 1170w, https:\/\/lemenuisierdelacave.fr\/wp-content\/uploads\/2024\/04\/IMG_8276.jpg 2016w\" sizes=\"(max-width: 1024px) 100vw, 1024px\" \/><\/figure>\n<\/figure>\n\n\n\n<p><strong><mark style=\"background-color:rgba(0, 0, 0, 0)\" class=\"has-inline-color has-foreground-color\">Bienvenue chez vous en Bourgogne, France Bleu Bourgogne &#8211; 18\/09\/23<\/mark><\/strong><\/p>\n\n\n\n<p>Une \u00e9mission proche et un passage \u00e0 Premeaux-Prissey, l&rsquo;occasion id\u00e9ale pour un nouveau passage radio en cette rentr\u00e9e. Exercice qui a du sens ici car l&rsquo;ensemble des facteurs sont l\u00e0, proximit\u00e9, vin, convivialit\u00e9 ! <\/p>\n\n\n\n<p>Merci \u00e0 FranceBleu Bourgogne pour ce passage \u00e0 l&rsquo;antenne et merci \u00e9galement au restaurant Premnord pour la convivialit\u00e9 des \u00e9changes.<\/p>\n\n\n\n<figure class=\"wp-block-gallery has-nested-images columns-default is-cropped wp-block-gallery-4 is-layout-flex wp-block-gallery-is-layout-flex\">\n<figure class=\"wp-block-image alignleft size-large is-style-default\"><img loading=\"lazy\" decoding=\"async\" width=\"768\" height=\"1024\" data-id=\"728\" src=\"https:\/\/lemenuisierdelacave.fr\/wp-content\/uploads\/2023\/09\/IMG_6565-768x1024.jpg\" alt=\"\" class=\"wp-image-728\" srcset=\"https:\/\/lemenuisierdelacave.fr\/wp-content\/uploads\/2023\/09\/IMG_6565-768x1024.jpg 768w, https:\/\/lemenuisierdelacave.fr\/wp-content\/uploads\/2023\/09\/IMG_6565-225x300.jpg 225w, https:\/\/lemenuisierdelacave.fr\/wp-content\/uploads\/2023\/09\/IMG_6565-1152x1536.jpg 1152w, https:\/\/lemenuisierdelacave.fr\/wp-content\/uploads\/2023\/09\/IMG_6565-1170x1560.jpg 1170w, https:\/\/lemenuisierdelacave.fr\/wp-content\/uploads\/2023\/09\/IMG_6565-rotated.jpg 1512w\" sizes=\"(max-width: 768px) 100vw, 768px\" \/><figcaption class=\"wp-element-caption\">Passage radio au Premnord \u00e0 Premeaux-Prissey<\/figcaption><\/figure>\n<\/figure>\n\n\n\n<figure class=\"wp-block-audio\"><audio controls src=\"http:\/\/lemenuisierdelacave.fr\/wp-content\/uploads\/2023\/09\/radio_pierre_18_09.mp3\"><\/audio><\/figure>\n\n\n\n<p><\/p>\n\n\n\n<p><strong><mark style=\"background-color:rgba(0, 0, 0, 0)\" class=\"has-inline-color has-foreground-color\">Vous \u00eates Formidables, France3 Bourgogne Franche Comt\u00e9 &#8211; Emission &#8211; 18\/09\/23<\/mark><\/strong><\/p>\n\n\n\n<p>Pour compl\u00e9ter le panel des m\u00e9dias, le maillon manquant \u00e9tait donc un passage en t\u00e9l\u00e9vision pour pr\u00e9senter quelques unes des r\u00e9alisations faites jusqu&rsquo;\u00e0 pr\u00e9sent. <\/p>\n\n\n\n<p>Cela a donc \u00e9t\u00e9 rendu possible gr\u00e2ce \u00e0 l&rsquo;\u00e9mission <strong>\u00ab\u00a0Vous \u00eates Formidables<\/strong>\u00ab\u00a0, diffus\u00e9e du lundi au vendredi sur <strong>France 3 Bourgogne Franche Comt\u00e9<\/strong>. Quelques minutes pour tenter de pr\u00e9senter mon activit\u00e9, au travers de quelques photos et produits en plateau. Exercice toujours p\u00e9rilleux lorsque l&rsquo;on d\u00e9couvre tout cet environnement ! <\/p>\n\n\n\n<p>Evidemment, un grand merci \u00e0 France 3 Bourgogne Franche Comt\u00e9 et en particulier Pascal Gervaize pour cette opportunit\u00e9 et pour l&rsquo;accueil exemplaire tout au long du cette matin\u00e9e. <\/p>\n\n\n\n<figure class=\"wp-block-video\"><video controls src=\"https:\/\/lemenuisierdelacave.fr\/wp-content\/uploads\/2023\/09\/enregistrementmp4.mp4\"><\/video><\/figure>\n\n\n\n<p><a href=\"https:\/\/www.france.tv\/france-3\/bourgogne-franche-comte\/vous-etes-formidables-bourgogne-franche-comte\/5217657-emission-du-lundi-18-septembre-2023.html\">https:\/\/www.france.tv\/france-3\/bourgogne-franche-comte\/vous-etes-formidables-bourgogne-franche-comte\/5217657-emission-du-lundi-18-septembre-2023.html<\/a><\/p>\n\n\n\n<figure class=\"wp-block-gallery has-nested-images columns-default is-cropped wp-block-gallery-5 is-layout-flex wp-block-gallery-is-layout-flex\">\n<figure class=\"wp-block-image size-large has-custom-border\"><img loading=\"lazy\" decoding=\"async\" width=\"1024\" height=\"576\" data-id=\"721\" src=\"https:\/\/lemenuisierdelacave.fr\/wp-content\/uploads\/2023\/09\/vous-etes-formidables-france3-1024x576.jpg\" alt=\"\" class=\"wp-image-721\" style=\"border-radius:30px\" srcset=\"https:\/\/lemenuisierdelacave.fr\/wp-content\/uploads\/2023\/09\/vous-etes-formidables-france3-1024x576.jpg 1024w, https:\/\/lemenuisierdelacave.fr\/wp-content\/uploads\/2023\/09\/vous-etes-formidables-france3-300x169.jpg 300w, https:\/\/lemenuisierdelacave.fr\/wp-content\/uploads\/2023\/09\/vous-etes-formidables-france3-768x432.jpg 768w, https:\/\/lemenuisierdelacave.fr\/wp-content\/uploads\/2023\/09\/vous-etes-formidables-france3-1170x658.jpg 1170w, https:\/\/lemenuisierdelacave.fr\/wp-content\/uploads\/2023\/09\/vous-etes-formidables-france3.jpg 1200w\" sizes=\"(max-width: 1024px) 100vw, 1024px\" \/><\/figure>\n<\/figure>\n\n\n\n<p><\/p>\n\n\n\n<p><strong><mark style=\"background-color:rgba(0, 0, 0, 0)\" class=\"has-inline-color has-foreground-color\">Article journal, Le Bien Public &#8211; 16\/08\/23<\/mark><\/strong><\/p>\n\n\n\n<p>Pour faire \u00e9cho au r\u00e9cent passage radio, j&rsquo;ai eu le plaisir de voir mon travail mis en lumi\u00e8re sur le quotidien de ma localit\u00e9, \u00e0 savoir Le Bien Public. Encore une fois, l&rsquo;objectif est de mettre en avant une d\u00e9marche, des id\u00e9es et ce qui anime les cr\u00e9ations au quotidien. <\/p>\n\n\n\n<p>Un grand merci au Bien Public pour permettre \u00e0 des petits ind\u00e9pendants d&rsquo;avoir de la visibilit\u00e9 local, car apr\u00e8s tout c&rsquo;est exactement l\u00e0 o\u00f9 je veux \u00eatre \ud83d\ude42<\/p>\n\n\n\n<figure class=\"wp-block-gallery has-nested-images columns-default is-cropped wp-block-gallery-6 is-layout-flex wp-block-gallery-is-layout-flex\">\n<figure class=\"wp-block-image size-large\"><img loading=\"lazy\" decoding=\"async\" width=\"750\" height=\"808\" data-id=\"677\" src=\"https:\/\/lemenuisierdelacave.fr\/wp-content\/uploads\/2023\/08\/IMG_1323.jpg\" alt=\"\" class=\"wp-image-677\" srcset=\"https:\/\/lemenuisierdelacave.fr\/wp-content\/uploads\/2023\/08\/IMG_1323.jpg 750w, https:\/\/lemenuisierdelacave.fr\/wp-content\/uploads\/2023\/08\/IMG_1323-278x300.jpg 278w\" sizes=\"(max-width: 750px) 100vw, 750px\" \/><\/figure>\n<\/figure>\n\n\n\n<p><strong>Bienvenue chez vous<\/strong>, <strong>France Bleu Bourgogne &#8211;<\/strong> 17\/07\/23<\/p>\n\n\n\n<div class=\"wp-block-media-text alignwide is-stacked-on-mobile\" style=\"grid-template-columns:29% auto\"><figure class=\"wp-block-media-text__media\"><img loading=\"lazy\" decoding=\"async\" width=\"400\" height=\"400\" src=\"http:\/\/lemenuisierdelacave.fr\/wp-content\/uploads\/2023\/07\/400x400_f-bleu-bourgogne-20couleur-20140x140-1-3.jpg\" alt=\"\" class=\"wp-image-547 size-full\" srcset=\"https:\/\/lemenuisierdelacave.fr\/wp-content\/uploads\/2023\/07\/400x400_f-bleu-bourgogne-20couleur-20140x140-1-3.jpg 400w, https:\/\/lemenuisierdelacave.fr\/wp-content\/uploads\/2023\/07\/400x400_f-bleu-bourgogne-20couleur-20140x140-1-3-300x300.jpg 300w, https:\/\/lemenuisierdelacave.fr\/wp-content\/uploads\/2023\/07\/400x400_f-bleu-bourgogne-20couleur-20140x140-1-3-150x150.jpg 150w\" sizes=\"(max-width: 400px) 100vw, 400px\" \/><\/figure><div class=\"wp-block-media-text__content\">\n<p>Lorsque l&rsquo;on travaille en local et sur le patrimoine de la r\u00e9gion, il existe parfois des coups de pouce qui peuvent aider \u00e0 lancer son activit\u00e9. C&rsquo;est peut \u00eatre le cas ici avec un passage sur France Bleu Bourgogne en ce 17 juillet 2023.<br>Quelques minutes pour exprimer ses valeurs et son positionnement vis \u00e0 vis de mon activit\u00e9.<\/p>\n\n\n\n<p>Un grand merci \u00e0 l&rsquo;office de tourisme de Gevrey-Chambertin \/ Nuits-Saint-Georges pour ce coup de projecteur, mais aussi \u00e0 France Bleu de m&rsquo;avoir accord\u00e9 leur confiance<\/p>\n\n\n\n<figure class=\"wp-block-audio\"><audio controls src=\"https:\/\/lemenuisierdelacave.fr\/wp-content\/uploads\/2023\/07\/Enregistrement-_2_.mp3\"><\/audio><\/figure>\n<\/div><\/div>\n\n\n\n<p><strong>Brunch des Halles &#8211; Saison 8 &#8211; 09\/07\/23<\/strong><\/p>\n\n\n\n<div class=\"wp-block-media-text alignwide is-stacked-on-mobile\" style=\"grid-template-columns:30% auto\"><figure class=\"wp-block-media-text__media\"><img loading=\"lazy\" decoding=\"async\" width=\"1024\" height=\"576\" src=\"https:\/\/lemenuisierdelacave.fr\/wp-content\/uploads\/2023\/07\/brunch-des-halles-2023-1024x576.jpg\" alt=\"\" class=\"wp-image-528 size-full\" srcset=\"https:\/\/lemenuisierdelacave.fr\/wp-content\/uploads\/2023\/07\/brunch-des-halles-2023-1024x576.jpg 1024w, https:\/\/lemenuisierdelacave.fr\/wp-content\/uploads\/2023\/07\/brunch-des-halles-2023-300x169.jpg 300w, https:\/\/lemenuisierdelacave.fr\/wp-content\/uploads\/2023\/07\/brunch-des-halles-2023-768x432.jpg 768w, https:\/\/lemenuisierdelacave.fr\/wp-content\/uploads\/2023\/07\/brunch-des-halles-2023-1536x864.jpg 1536w, https:\/\/lemenuisierdelacave.fr\/wp-content\/uploads\/2023\/07\/brunch-des-halles-2023-1170x658.jpg 1170w, https:\/\/lemenuisierdelacave.fr\/wp-content\/uploads\/2023\/07\/brunch-des-halles-2023.jpg 2048w\" sizes=\"(max-width: 1024px) 100vw, 1024px\" \/><\/figure><div class=\"wp-block-media-text__content\">\n<p>Contact\u00e9 en d\u00e9but d&rsquo;ann\u00e9e, j&rsquo;ai eu le plaisir de participer au brunch des Halles de Dijon et de pouvoir pr\u00e9senter quelques unes de mes cr\u00e9ations lors de la th\u00e9matique sur les Climats de Bourgogne. <\/p>\n\n\n\n<p>Entre la gastronomie local, d\u00e9gustations et autres cr\u00e9ateurs de talent, j&rsquo;ai pu prendre part \u00e0 cette journ\u00e9e \u00e0 vos c\u00f4t\u00e9s. Merci \u00e0 la ville de Dijon pour l&rsquo;organisation de cette \u00e9v\u00e8nement et \u00e0 toutes celles et ceux avec qui j&rsquo;ai eu le plaisir de pouvoir \u00e9changer quelques mots autour du stand ! <\/p>\n<\/div><\/div>\n\n\n\n<figure class=\"wp-block-gallery has-nested-images columns-default is-cropped wp-block-gallery-7 is-layout-flex wp-block-gallery-is-layout-flex\">\n<figure class=\"wp-block-image size-large has-custom-border\"><img loading=\"lazy\" decoding=\"async\" width=\"768\" height=\"1024\" data-id=\"521\" src=\"https:\/\/lemenuisierdelacave.fr\/wp-content\/uploads\/2023\/07\/IMG_1593-768x1024.jpg\" alt=\"\" class=\"wp-image-521\" style=\"border-radius:30px\" srcset=\"https:\/\/lemenuisierdelacave.fr\/wp-content\/uploads\/2023\/07\/IMG_1593-768x1024.jpg 768w, https:\/\/lemenuisierdelacave.fr\/wp-content\/uploads\/2023\/07\/IMG_1593-225x300.jpg 225w, https:\/\/lemenuisierdelacave.fr\/wp-content\/uploads\/2023\/07\/IMG_1593-1152x1536.jpg 1152w, https:\/\/lemenuisierdelacave.fr\/wp-content\/uploads\/2023\/07\/IMG_1593-1170x1560.jpg 1170w, https:\/\/lemenuisierdelacave.fr\/wp-content\/uploads\/2023\/07\/IMG_1593-rotated.jpg 1512w\" sizes=\"(max-width: 768px) 100vw, 768px\" \/><\/figure>\n\n\n\n<figure class=\"wp-block-image size-large has-custom-border\"><img loading=\"lazy\" decoding=\"async\" width=\"1024\" height=\"768\" data-id=\"522\" src=\"https:\/\/lemenuisierdelacave.fr\/wp-content\/uploads\/2023\/07\/IMG_1594-1024x768.jpg\" alt=\"\" class=\"wp-image-522\" style=\"border-radius:30px\" srcset=\"https:\/\/lemenuisierdelacave.fr\/wp-content\/uploads\/2023\/07\/IMG_1594-1024x768.jpg 1024w, https:\/\/lemenuisierdelacave.fr\/wp-content\/uploads\/2023\/07\/IMG_1594-300x225.jpg 300w, https:\/\/lemenuisierdelacave.fr\/wp-content\/uploads\/2023\/07\/IMG_1594-768x576.jpg 768w, https:\/\/lemenuisierdelacave.fr\/wp-content\/uploads\/2023\/07\/IMG_1594-1536x1152.jpg 1536w, https:\/\/lemenuisierdelacave.fr\/wp-content\/uploads\/2023\/07\/IMG_1594-1170x878.jpg 1170w, https:\/\/lemenuisierdelacave.fr\/wp-content\/uploads\/2023\/07\/IMG_1594.jpg 2016w\" sizes=\"(max-width: 1024px) 100vw, 1024px\" \/><\/figure>\n\n\n\n<figure class=\"wp-block-image size-large has-custom-border\"><img loading=\"lazy\" decoding=\"async\" width=\"1024\" height=\"768\" data-id=\"523\" src=\"https:\/\/lemenuisierdelacave.fr\/wp-content\/uploads\/2023\/07\/IMG_1592-1024x768.jpg\" alt=\"\" class=\"wp-image-523\" style=\"border-radius:30px\" srcset=\"https:\/\/lemenuisierdelacave.fr\/wp-content\/uploads\/2023\/07\/IMG_1592-1024x768.jpg 1024w, https:\/\/lemenuisierdelacave.fr\/wp-content\/uploads\/2023\/07\/IMG_1592-300x225.jpg 300w, https:\/\/lemenuisierdelacave.fr\/wp-content\/uploads\/2023\/07\/IMG_1592-768x576.jpg 768w, https:\/\/lemenuisierdelacave.fr\/wp-content\/uploads\/2023\/07\/IMG_1592-1536x1152.jpg 1536w, https:\/\/lemenuisierdelacave.fr\/wp-content\/uploads\/2023\/07\/IMG_1592-1170x878.jpg 1170w, https:\/\/lemenuisierdelacave.fr\/wp-content\/uploads\/2023\/07\/IMG_1592.jpg 2016w\" sizes=\"(max-width: 1024px) 100vw, 1024px\" \/><\/figure>\n\n\n\n<figure class=\"wp-block-image size-large has-custom-border\"><img loading=\"lazy\" decoding=\"async\" width=\"1024\" height=\"768\" data-id=\"525\" src=\"https:\/\/lemenuisierdelacave.fr\/wp-content\/uploads\/2023\/07\/IMG_5734-1024x768.jpg\" alt=\"\" class=\"wp-image-525\" style=\"border-radius:30px\" srcset=\"https:\/\/lemenuisierdelacave.fr\/wp-content\/uploads\/2023\/07\/IMG_5734-1024x768.jpg 1024w, https:\/\/lemenuisierdelacave.fr\/wp-content\/uploads\/2023\/07\/IMG_5734-300x225.jpg 300w, https:\/\/lemenuisierdelacave.fr\/wp-content\/uploads\/2023\/07\/IMG_5734-768x576.jpg 768w, https:\/\/lemenuisierdelacave.fr\/wp-content\/uploads\/2023\/07\/IMG_5734-1536x1152.jpg 1536w, https:\/\/lemenuisierdelacave.fr\/wp-content\/uploads\/2023\/07\/IMG_5734-1170x878.jpg 1170w, https:\/\/lemenuisierdelacave.fr\/wp-content\/uploads\/2023\/07\/IMG_5734.jpg 2016w\" sizes=\"(max-width: 1024px) 100vw, 1024px\" \/><\/figure>\n\n\n\n<figure class=\"wp-block-image size-large has-custom-border\"><img loading=\"lazy\" decoding=\"async\" width=\"1024\" height=\"768\" data-id=\"524\" src=\"https:\/\/lemenuisierdelacave.fr\/wp-content\/uploads\/2023\/07\/IMG_5733-1-1024x768.jpg\" alt=\"\" class=\"wp-image-524\" style=\"border-radius:30px\" srcset=\"https:\/\/lemenuisierdelacave.fr\/wp-content\/uploads\/2023\/07\/IMG_5733-1-1024x768.jpg 1024w, https:\/\/lemenuisierdelacave.fr\/wp-content\/uploads\/2023\/07\/IMG_5733-1-300x225.jpg 300w, https:\/\/lemenuisierdelacave.fr\/wp-content\/uploads\/2023\/07\/IMG_5733-1-768x576.jpg 768w, https:\/\/lemenuisierdelacave.fr\/wp-content\/uploads\/2023\/07\/IMG_5733-1-1536x1152.jpg 1536w, https:\/\/lemenuisierdelacave.fr\/wp-content\/uploads\/2023\/07\/IMG_5733-1-1170x878.jpg 1170w, https:\/\/lemenuisierdelacave.fr\/wp-content\/uploads\/2023\/07\/IMG_5733-1.jpg 2016w\" sizes=\"(max-width: 1024px) 100vw, 1024px\" \/><\/figure>\n<\/figure>\n","protected":false},"excerpt":{"rendered":"<p>Vente des Hospices de Beaune &#8211; Beaune : 15\/16\/17 novembre 2024 La Vente des Hospices de Beaune : Un \u00c9v\u00e9nement Viticole et Caritatif Incontournable Chaque ann\u00e9e, le troisi\u00e8me dimanche de novembre, la Vente des Hospices de Beaune transforme cette ville bourguignonne en capitale mondiale du vin. Cet \u00e9v\u00e9nement caritatif, lanc\u00e9 en 1859, propose aux ench\u00e8res [&hellip;]<\/p>\n","protected":false},"author":2,"featured_media":0,"parent":0,"menu_order":0,"comment_status":"closed","ping_status":"closed","template":"","meta":{"om_disable_all_campaigns":false,"_mi_skip_tracking":false,"_monsterinsights_sitenote_active":false,"_monsterinsights_sitenote_note":"","_monsterinsights_sitenote_category":0,"footnotes":""},"class_list":["post-514","page","type-page","status-publish","hentry"],"aioseo_notices":[],"_links":{"self":[{"href":"https:\/\/lemenuisierdelacave.fr\/index.php?rest_route=\/wp\/v2\/pages\/514","targetHints":{"allow":["GET"]}}],"collection":[{"href":"https:\/\/lemenuisierdelacave.fr\/index.php?rest_route=\/wp\/v2\/pages"}],"about":[{"href":"https:\/\/lemenuisierdelacave.fr\/index.php?rest_route=\/wp\/v2\/types\/page"}],"author":[{"embeddable":true,"href":"https:\/\/lemenuisierdelacave.fr\/index.php?rest_route=\/wp\/v2\/users\/2"}],"replies":[{"embeddable":true,"href":"https:\/\/lemenuisierdelacave.fr\/index.php?rest_route=%2Fwp%2Fv2%2Fcomments&post=514"}],"version-history":[{"count":41,"href":"https:\/\/lemenuisierdelacave.fr\/index.php?rest_route=\/wp\/v2\/pages\/514\/revisions"}],"predecessor-version":[{"id":1259,"href":"https:\/\/lemenuisierdelacave.fr\/index.php?rest_route=\/wp\/v2\/pages\/514\/revisions\/1259"}],"wp:attachment":[{"href":"https:\/\/lemenuisierdelacave.fr\/index.php?rest_route=%2Fwp%2Fv2%2Fmedia&parent=514"}],"curies":[{"name":"wp","href":"https:\/\/api.w.org\/{rel}","templated":true}]}}