{"id":640,"date":"2023-07-28T18:22:30","date_gmt":"2023-07-28T16:22:30","guid":{"rendered":"https:\/\/lemenuisierdelacave.fr\/?page_id=640"},"modified":"2025-08-18T21:23:53","modified_gmt":"2025-08-18T19:23:53","slug":"boutique-en-ligne-etsy","status":"publish","type":"page","link":"https:\/\/lemenuisierdelacave.fr\/?page_id=640","title":{"rendered":"Boutiques"},"content":{"rendered":"\t\t<div data-elementor-type=\"wp-page\" data-elementor-id=\"640\" class=\"elementor elementor-640\">\n\t\t\t\t<div class=\"elementor-element elementor-element-e0d3b29 e-flex e-con-boxed e-con e-parent\" data-id=\"e0d3b29\" data-element_type=\"container\">\n\t\t\t\t\t<div class=\"e-con-inner\">\n\t\t\t\t\t<\/div>\n\t\t\t\t<\/div>\n\t\t<div class=\"elementor-element elementor-element-7efb8581 e-flex e-con-boxed e-con e-parent\" data-id=\"7efb8581\" data-element_type=\"container\">\n\t\t\t\t\t<div class=\"e-con-inner\">\n\t\t\t\t<div class=\"elementor-element elementor-element-50a062cc elementor-widget elementor-widget-text-editor\" data-id=\"50a062cc\" data-element_type=\"widget\" data-widget_type=\"text-editor.default\">\n\t\t\t\t<div class=\"elementor-widget-container\">\n\t\t\t\t\t\t\t<p>En parall\u00e8le des agencements de cave, je r\u00e9alise divers objets de d\u00e9coration dans mon atelier. Les articles propos\u00e9s sur la boutique en ligne sont disponibles et en stock. Certains objets, comme les tableaux 3D ou les douelles, ne peuvent \u00eatre exp\u00e9di\u00e9s en raison de leurs dimensions, ils sont donc disponibles uniquement \u00e0 l&rsquo;atelier en me contactant en amont. Je fais en sorte de mettre \u00e0 jour r\u00e9guli\u00e8rement le stock de produits disponibles, si toutefois vous cherchez une d\u00e9coration sp\u00e9cifique ou une personnalisation, contactez moi directement :<strong>&nbsp;contact@lemenuisierdelacave.fr<\/strong><\/p>\n<p><\/p>\n<p><i><b>&nbsp;<a href=\"https:\/\/le-menuisier-de-la-cave.sumupstore.com\"><mark style=\"background-color: rgba(0, 0, 0, 0);\">Sum&rsquo;Up<\/mark><\/a><\/b><\/i><\/p>\n<p><\/p>\n<p><!-- \/wp:paragraph --><!-- wp:image {\"id\":647,\"sizeSlug\":\"large\",\"linkDestination\":\"none\",\"style\":{\"border\":{\"radius\":\"30px\"}}} --><\/p>\n<figure>\n<figcaption>Toutefois, en cas de visite entre Dijon et Puligny-Montrachet, vous trouverez ci apr\u00e8s l&rsquo;ensemble des boutiques proposant mes produits :<\/figcaption>\n<\/figure>\n<ul>\n<li><a href=\"https:\/\/www.destinationdijon.com\/pratique\/informations-pratiques\/office-de-tourisme\/\" target=\"_blank\" rel=\"noopener\"><u><b>Offices de Tourisme&nbsp;Dijon :<\/b><\/u><\/a>&nbsp;Planche ap\u00e9ritive (C\u00f4te de Nuits, monuments dijonnais) et carte postale (monument dijonnais)<\/li>\n<\/ul>\n<div>\n<ul>\n<li><em><a href=\"https:\/\/www.citedelagastronomie-dijon.fr\/que-faire-a-la-cite\/restaurants-et-boutiques\/le-village-gastronomique\/le-dressoir\/\" target=\"_blank\" rel=\"noopener\"><u><b>Le Dressoir (Cit\u00e9 Internationnale de la Gastronomie et du Vin) &#8211; Dijon :<\/b><\/u><\/a><b>&nbsp;<\/b><\/em>Planche ap\u00e9ritive (villages de Marsannay \u00e0 Santenay), planche XXL (C\u00f4te de Nuits, C\u00f4te de Beaune).<\/li>\n<\/ul>\n<ul>\n<li><i><b><a title=\"La Belle Adresse\" href=\"https:\/\/dijonlabelleadresse.com\/fr\"><u>La Belle Adresse &#8211; Dijon :<\/u>&nbsp;<\/a><\/b><\/i>&nbsp;Caveau et boutique d&rsquo;artisanat situ\u00e9 rue Monge, planche ap\u00e9ritive, tableaux 3D, carte postale<\/li>\n<\/ul>\n<div>\n<ul>\n<li><i><a href=\"https:\/\/lacuveriedevosne.fr\/\" target=\"_blank\" rel=\"noopener\"><b><u>La Cuverie by Liger-Belair :<\/u><\/b><\/a><a style=\"font-weight: bold; transition-property: all;\" title=\"La Belle Adresse\" href=\"https:\/\/dijonlabelleadresse.com\/fr\">&nbsp;<\/a><\/i>&nbsp;Restaurant, caveau et h\u00f4tellerie. Planche ap\u00e9ritive visuel exclusif Vosne-Roman\u00e9e.<\/li>\n<\/ul>\n<ul>\n<li><i><span style=\"transition-property: all;\"><u><a href=\"https:\/\/www.latoutepetiteauberge.com\/\"><b>La Toute Petite Auberge :<\/b><\/a><\/u><\/span><a style=\"transition-property: all; font-weight: bold;\" title=\"La Belle Adresse\" href=\"https:\/\/dijonlabelleadresse.com\/fr\">&nbsp;<\/a><\/i>&nbsp;Restaurant et caveau. Planche ap\u00e9ritive Vosne-Roman\u00e9e, tableaux 3D c\u00f4te de Nuits ou Beaune, aimants, planches XXL, coffret exclusif Vosne-Roman\u00e9e<\/li>\n<\/ul>\n<\/div>\n<ul>\n<li><i><a href=\"https:\/\/www.gevreynuitstourisme.com\/\" target=\"_blank\" rel=\"noopener\"><b><u>Offices de Tourisme Gevrey \/ Nuits Saint Georges :<\/u><\/b><\/a><a style=\"font-weight: bold; transition-property: all;\" title=\"La Belle Adresse\" href=\"https:\/\/dijonlabelleadresse.com\/fr\">&nbsp;<\/a><\/i>&nbsp;Planche ap\u00e9ritive, uniquement village c\u00f4te de Nuits, aimants, tableau 3D C\u00f4te de Nuits, cartes postales.<\/li>\n<\/ul>\n<ul>\n<li><u><b><a href=\"https:\/\/www.closdevougeot.fr\/fr\/\" target=\"_blank\" rel=\"noopener\">Ch\u00e2teau du Clos de Vougeot<\/a>&nbsp;:<\/b><\/u> Lieu embl\u00e9matique des amoureux de Bourgogne, repose plat exclusif reprenant la forme du Clos de Vougeot.<\/li>\n<\/ul>\n<ul>\n<li><b><u><a href=\"https:\/\/www.maisondelabourgogne.com\/la-maison-de-la-bourgogne\/\" target=\"_blank\" rel=\"noopener\">La Maison de la Bourgogne<\/a>&nbsp;:<\/u><\/b>, boutique de vin &amp; produits locaux sur l&rsquo;aire d&rsquo;autoroute accessible depuis Merceuil. Planche ap\u00e9ritive, plateau de d\u00e9gustation &amp; sous verre.<\/li>\n<\/ul>\n<ul>\n<li><a href=\"https:\/\/www.patriarche.com\/fr\/\" target=\"_blank\" rel=\"noopener\"><b><u>Maison Patriarche :<\/u><\/b>&nbsp;<\/a>boutique de vin, visite oenotouristique &amp; produits locaux \u00e0 Beaune. Planche ap\u00e9ritive villages c\u00f4te de Nuits &amp; Beaune.<\/li>\n<\/ul>\n<ul>\n<li><span style=\"transition-property: all;\"><u><a href=\"https:\/\/www.citeclimatsvins-bourgogne.com\/la-cite-a-beaune\/\"><b>Cit\u00e9 des vins Beaune :<\/b><\/a><\/u><\/span><a href=\"https:\/\/www.patriarche.com\/fr\/\" target=\"_blank\" rel=\"noopener\"><span style=\"transition-property: all;\">&nbsp;<\/span><\/a>Site oenotouristique, mus\u00e9e et restaurant \u00e0 Beaune. Planche ap\u00e9ritive, aimants, panneaux de direction et tableaux 3D C\u00f4te de Beaune.<\/li>\n<\/ul>\n<ul>\n<li><b><u><a href=\"https:\/\/www.beaune-tourisme.fr\/s-informer\/votre-office-de-tourisme\/\" target=\"_blank\" rel=\"noopener\">Offices de Tourisme pays beaunois&nbsp;:<\/a><a href=\"https:\/\/www.patriarche.com\/fr\/\" target=\"_blank\" rel=\"noopener\"><span style=\"transition-property: all;\">&nbsp;<\/span><\/a><\/u><\/b>Planche ap\u00e9ritive, uniquement villages c\u00f4te de Beaune.<\/li>\n<\/ul>\n<ul>\n<li><em><a href=\"https:\/\/hotel.olivier-leflaive.com\/restaurant-klima\/\" target=\"_blank\" rel=\"noopener\"><b><u>H\u00f4tel Restaurant Klima, Olivier Leflaive:<\/u><\/b><\/a><b>&nbsp;<\/b><\/em>&nbsp;H\u00f4tel\/Restaurant \u00e0 Puligny-Montrachet (planche ap\u00e9ritive exclusive au domaine Olivier Leflaive)<\/li>\n<\/ul>\n<\/div>\n<p><!-- \/wp:list-item --><\/p>\n<p><!-- \/wp:list --><\/p>\t\t\t\t\t\t<\/div>\n\t\t\t\t<\/div>\n\t\t\t\t<div class=\"elementor-element elementor-element-46decda elementor-widget elementor-widget-image\" data-id=\"46decda\" data-element_type=\"widget\" data-widget_type=\"image.default\">\n\t\t\t\t<div class=\"elementor-widget-container\">\n\t\t\t\t\t\t\t\t\t\t\t\t\t<img fetchpriority=\"high\" decoding=\"async\" width=\"1024\" height=\"768\" src=\"https:\/\/lemenuisierdelacave.fr\/wp-content\/uploads\/2025\/08\/IMG_6027-1024x768.jpeg\" class=\"attachment-large size-large wp-image-1420\" alt=\"\" srcset=\"https:\/\/lemenuisierdelacave.fr\/wp-content\/uploads\/2025\/08\/IMG_6027-1024x768.jpeg 1024w, https:\/\/lemenuisierdelacave.fr\/wp-content\/uploads\/2025\/08\/IMG_6027-300x225.jpeg 300w, https:\/\/lemenuisierdelacave.fr\/wp-content\/uploads\/2025\/08\/IMG_6027-768x576.jpeg 768w, https:\/\/lemenuisierdelacave.fr\/wp-content\/uploads\/2025\/08\/IMG_6027-1536x1152.jpeg 1536w, https:\/\/lemenuisierdelacave.fr\/wp-content\/uploads\/2025\/08\/IMG_6027-1170x878.jpeg 1170w, https:\/\/lemenuisierdelacave.fr\/wp-content\/uploads\/2025\/08\/IMG_6027.jpeg 2016w\" sizes=\"(max-width: 1024px) 100vw, 1024px\" \/>\t\t\t\t\t\t\t\t\t\t\t\t\t<\/div>\n\t\t\t\t<\/div>\n\t\t\t\t\t<\/div>\n\t\t\t\t<\/div>\n\t\t\t\t<\/div>\n\t\t","protected":false},"excerpt":{"rendered":"<p>En parall\u00e8le des agencements de cave, je r\u00e9alise divers objets de d\u00e9coration dans mon atelier. Les articles propos\u00e9s sur la boutique en ligne sont disponibles et en stock. Certains objets, comme les tableaux 3D ou les douelles, ne peuvent \u00eatre exp\u00e9di\u00e9s en raison de leurs dimensions, ils sont donc disponibles uniquement \u00e0 l&rsquo;atelier en me [&hellip;]<\/p>\n","protected":false},"author":2,"featured_media":0,"parent":0,"menu_order":0,"comment_status":"closed","ping_status":"closed","template":"","meta":{"om_disable_all_campaigns":false,"_mi_skip_tracking":false,"_monsterinsights_sitenote_active":false,"_monsterinsights_sitenote_note":"","_monsterinsights_sitenote_category":0,"footnotes":""},"class_list":["post-640","page","type-page","status-publish","hentry"],"aioseo_notices":[],"_links":{"self":[{"href":"https:\/\/lemenuisierdelacave.fr\/index.php?rest_route=\/wp\/v2\/pages\/640","targetHints":{"allow":["GET"]}}],"collection":[{"href":"https:\/\/lemenuisierdelacave.fr\/index.php?rest_route=\/wp\/v2\/pages"}],"about":[{"href":"https:\/\/lemenuisierdelacave.fr\/index.php?rest_route=\/wp\/v2\/types\/page"}],"author":[{"embeddable":true,"href":"https:\/\/lemenuisierdelacave.fr\/index.php?rest_route=\/wp\/v2\/users\/2"}],"replies":[{"embeddable":true,"href":"https:\/\/lemenuisierdelacave.fr\/index.php?rest_route=%2Fwp%2Fv2%2Fcomments&post=640"}],"version-history":[{"count":73,"href":"https:\/\/lemenuisierdelacave.fr\/index.php?rest_route=\/wp\/v2\/pages\/640\/revisions"}],"predecessor-version":[{"id":1437,"href":"https:\/\/lemenuisierdelacave.fr\/index.php?rest_route=\/wp\/v2\/pages\/640\/revisions\/1437"}],"wp:attachment":[{"href":"https:\/\/lemenuisierdelacave.fr\/index.php?rest_route=%2Fwp%2Fv2%2Fmedia&parent=640"}],"curies":[{"name":"wp","href":"https:\/\/api.w.org\/{rel}","templated":true}]}}